{"id":1100,"date":"2024-06-18T18:18:12","date_gmt":"2024-06-18T16:18:12","guid":{"rendered":"https:\/\/visualeurope.com\/?page_id=1100"},"modified":"2024-10-02T14:20:26","modified_gmt":"2024-10-02T12:20:26","slug":"palyazatok","status":"publish","type":"page","link":"https:\/\/visualeurope.com\/hu\/palyazatok\/","title":{"rendered":"P\u00e1ly\u00e1zatok"},"content":{"rendered":"\t\t<div data-elementor-type=\"wp-page\" data-elementor-id=\"1100\" class=\"elementor elementor-1100\" data-elementor-post-type=\"page\">\n\t\t\t\t<div class=\"elementor-element elementor-element-e4024fd e-con-full e-flex e-con e-parent\" data-id=\"e4024fd\" data-element_type=\"container\" data-settings=\"{&quot;background_background&quot;:&quot;video&quot;,&quot;background_play_on_mobile&quot;:&quot;yes&quot;}\">\n\t\t\t\t<div class=\"elementor-element elementor-element-53517fe elementor-widget elementor-widget-heading\" data-id=\"53517fe\" data-element_type=\"widget\" data-widget_type=\"heading.default\">\n\t\t\t\t<div class=\"elementor-widget-container\">\n\t\t\t<h2 class=\"elementor-heading-title elementor-size-default\">P\u00c1LY\u00c1ZATOK<\/h2>\t\t<\/div>\n\t\t\t\t<\/div>\n\t\t\t\t<\/div>\n\t\t<div class=\"elementor-element elementor-element-79d19a3 e-con-full e-flex e-con e-parent\" data-id=\"79d19a3\" data-element_type=\"container\" data-settings=\"{&quot;background_background&quot;:&quot;classic&quot;}\">\n\t\t\t\t<div class=\"elementor-element elementor-element-122f000 elementor-widget elementor-widget-jet-listing-grid\" data-id=\"122f000\" data-element_type=\"widget\" data-settings=\"{&quot;columns&quot;:&quot;3&quot;,&quot;columns_mobile&quot;:&quot;1&quot;}\" data-widget_type=\"jet-listing-grid.default\">\n\t\t\t\t<div class=\"elementor-widget-container\">\n\t\t\t<div class=\"jet-listing-grid jet-listing\"><div class=\"jet-listing-grid__items grid-col-desk-3 grid-col-tablet-3 grid-col-mobile-1 jet-listing-grid--1111 jet-equal-columns__wrapper\" data-queried-id=\"1100|WP_Post\" data-nav=\"{&quot;enabled&quot;:false,&quot;type&quot;:null,&quot;more_el&quot;:null,&quot;query&quot;:[],&quot;widget_settings&quot;:{&quot;lisitng_id&quot;:1111,&quot;posts_num&quot;:6,&quot;columns&quot;:3,&quot;columns_tablet&quot;:3,&quot;columns_mobile&quot;:1,&quot;is_archive_template&quot;:&quot;&quot;,&quot;post_status&quot;:[&quot;publish&quot;],&quot;use_random_posts_num&quot;:&quot;&quot;,&quot;max_posts_num&quot;:9,&quot;not_found_message&quot;:&quot;No data was found&quot;,&quot;is_masonry&quot;:false,&quot;equal_columns_height&quot;:&quot;yes&quot;,&quot;use_load_more&quot;:&quot;&quot;,&quot;load_more_id&quot;:&quot;&quot;,&quot;load_more_type&quot;:&quot;click&quot;,&quot;load_more_offset&quot;:{&quot;unit&quot;:&quot;px&quot;,&quot;size&quot;:0,&quot;sizes&quot;:[]},&quot;use_custom_post_types&quot;:&quot;&quot;,&quot;custom_post_types&quot;:[],&quot;hide_widget_if&quot;:&quot;&quot;,&quot;carousel_enabled&quot;:&quot;&quot;,&quot;slides_to_scroll&quot;:&quot;1&quot;,&quot;arrows&quot;:&quot;true&quot;,&quot;arrow_icon&quot;:&quot;fa fa-angle-left&quot;,&quot;dots&quot;:&quot;&quot;,&quot;autoplay&quot;:&quot;true&quot;,&quot;pause_on_hover&quot;:&quot;true&quot;,&quot;autoplay_speed&quot;:5000,&quot;infinite&quot;:&quot;true&quot;,&quot;center_mode&quot;:&quot;&quot;,&quot;effect&quot;:&quot;slide&quot;,&quot;speed&quot;:500,&quot;inject_alternative_items&quot;:&quot;&quot;,&quot;injection_items&quot;:[{&quot;_id&quot;:&quot;69e6bfb&quot;,&quot;item&quot;:&quot;1126&quot;}],&quot;scroll_slider_enabled&quot;:&quot;&quot;,&quot;scroll_slider_on&quot;:[&quot;desktop&quot;,&quot;tablet&quot;,&quot;mobile&quot;],&quot;custom_query&quot;:&quot;yes&quot;,&quot;custom_query_id&quot;:&quot;9&quot;,&quot;_element_id&quot;:&quot;&quot;}}\" data-page=\"1\" data-pages=\"1\" data-listing-source=\"query\" data-listing-id=\"1111\" data-query-id=\"9\"><div class=\"jet-listing-grid__item jet-listing-dynamic-post-1105 jet-equal-columns\" data-post-id=\"1105\" >\t\t<div data-elementor-type=\"jet-listing-items\" data-elementor-id=\"1111\" class=\"elementor elementor-1111\" data-elementor-post-type=\"jet-engine\">\n\t\t\t\t<div class=\"elementor-element elementor-element-d94bbd5 hover-container e-flex e-con-boxed e-con e-parent\" data-id=\"d94bbd5\" data-element_type=\"container\" data-settings=\"{&quot;background_background&quot;:&quot;classic&quot;}\">\n\t\t\t\t\t<div class=\"e-con-inner\">\n\t\t<div class=\"elementor-element elementor-element-93a34ac e-flex e-con-boxed e-con e-child\" data-id=\"93a34ac\" data-element_type=\"container\">\n\t\t\t\t\t<div class=\"e-con-inner\">\n\t\t\t\t<div class=\"elementor-element elementor-element-64ef385 hover-image elementor-widget elementor-widget-image\" data-id=\"64ef385\" data-element_type=\"widget\" data-widget_type=\"image.default\">\n\t\t\t\t<div class=\"elementor-widget-container\">\n\t\t\t\t\t\t\t\t\t\t\t\t\t<img fetchpriority=\"high\" decoding=\"async\" width=\"800\" height=\"361\" src=\"https:\/\/visualeurope.com\/wp-content\/uploads\/2024\/06\/NKFI-Alapbol-megvalosulo-projekt-2-1024x462.jpg\" class=\"attachment-large size-large wp-image-7420\" alt=\"\" srcset=\"https:\/\/visualeurope.com\/wp-content\/uploads\/2024\/06\/NKFI-Alapbol-megvalosulo-projekt-2-1024x462.jpg 1024w, https:\/\/visualeurope.com\/wp-content\/uploads\/2024\/06\/NKFI-Alapbol-megvalosulo-projekt-2-300x135.jpg 300w, https:\/\/visualeurope.com\/wp-content\/uploads\/2024\/06\/NKFI-Alapbol-megvalosulo-projekt-2-768x347.jpg 768w, https:\/\/visualeurope.com\/wp-content\/uploads\/2024\/06\/NKFI-Alapbol-megvalosulo-projekt-2.jpg 1307w\" sizes=\"(max-width: 800px) 100vw, 800px\" \/>\t\t\t\t\t\t\t\t\t\t\t\t\t<\/div>\n\t\t\t\t<\/div>\n\t\t\t\t\t<\/div>\n\t\t\t\t<\/div>\n\t\t\t\t<div class=\"elementor-element elementor-element-19eb97d hover-text elementor-widget elementor-widget-heading\" data-id=\"19eb97d\" data-element_type=\"widget\" data-widget_type=\"heading.default\">\n\t\t\t\t<div class=\"elementor-widget-container\">\n\t\t\t<h2 class=\"elementor-heading-title elementor-size-default\">2024.06.18. <span class=\"hidden\">kedd<\/span><\/h2>\t\t<\/div>\n\t\t\t\t<\/div>\n\t\t\t\t<div class=\"elementor-element elementor-element-1d5bd6c hover-text elementor-widget elementor-widget-heading\" data-id=\"1d5bd6c\" data-element_type=\"widget\" data-widget_type=\"heading.default\">\n\t\t\t\t<div class=\"elementor-widget-container\">\n\t\t\t<h2 class=\"elementor-heading-title elementor-size-default\">MESTERS\u00c9GES INTELLIGENCI\u00c1VAL SP\u00d3ROL ENERGI\u00c1TA J\u00d6V\u0150 \u00c9P\u00dcLETEIBEN A VISUAL EUROPE PROJECT<\/h2>\t\t<\/div>\n\t\t\t\t<\/div>\n\t\t\t\t<div class=\"elementor-element elementor-element-0223300 hover-text elementor-widget elementor-widget-heading\" data-id=\"0223300\" data-element_type=\"widget\" data-widget_type=\"heading.default\">\n\t\t\t\t<div class=\"elementor-widget-container\">\n\t\t\t<h2 class=\"elementor-heading-title elementor-size-default\">Szenzorok \u00e1ltal r\u00f6gz\u00edtett adatokra \u00e9p\u00fcl\u0151 matematikai algoritmusok modellezik \u00e9s optimaliz\u00e1lj\u00e1k a j\u00f6v\u0151ben az \u00e9p\u00fcletek energiafogyaszt\u00e1s\u00e1t \u2013 vallja a Visual Europe Project, amely kutat\u00e1si-fejleszt\u00e9si projektj\u00e9ben \u00f6ntanul\u00f3, mesters\u00e9ges intelligenci\u00e1val m\u0171k\u00f6d\u0151 okos \u00e9p\u00fclet megold\u00e1st hoz l\u00e9tre. <\/h2>\t\t<\/div>\n\t\t\t\t<\/div>\n\t\t\t\t<div class=\"elementor-element elementor-element-cead27a hover-button elementor-widget elementor-widget-button\" data-id=\"cead27a\" data-element_type=\"widget\" data-widget_type=\"button.default\">\n\t\t\t\t<div class=\"elementor-widget-container\">\n\t\t\t\t\t\t\t<div class=\"elementor-button-wrapper\">\n\t\t\t\t\t<a class=\"elementor-button elementor-button-link elementor-size-sm\" href=\"https:\/\/visualeurope.com\/hu\/palyazatok-type\/mesterseges-intelligenciaval-sporol-energiata-jovo-epuleteiben-a-visual-europe-project\/\">\n\t\t\t\t\t\t<span class=\"elementor-button-content-wrapper\">\n\t\t\t\t\t\t\t\t\t<span class=\"elementor-button-text\">Tov\u00e1bb<\/span>\n\t\t\t\t\t<\/span>\n\t\t\t\t\t<\/a>\n\t\t\t\t<\/div>\n\t\t\t\t\t\t<\/div>\n\t\t\t\t<\/div>\n\t\t\t\t\t<\/div>\n\t\t\t\t<\/div>\n\t\t\t\t<\/div>\n\t\t<\/div><div class=\"jet-listing-grid__item jet-listing-dynamic-post-1107 jet-equal-columns\" data-post-id=\"1107\" >\t\t<div data-elementor-type=\"jet-listing-items\" data-elementor-id=\"1111\" class=\"elementor elementor-1111\" data-elementor-post-type=\"jet-engine\">\n\t\t\t\t<div class=\"elementor-element elementor-element-d94bbd5 hover-container e-flex e-con-boxed e-con e-parent\" data-id=\"d94bbd5\" data-element_type=\"container\" data-settings=\"{&quot;background_background&quot;:&quot;classic&quot;}\">\n\t\t\t\t\t<div class=\"e-con-inner\">\n\t\t<div class=\"elementor-element elementor-element-93a34ac e-flex e-con-boxed e-con e-child\" data-id=\"93a34ac\" data-element_type=\"container\">\n\t\t\t\t\t<div class=\"e-con-inner\">\n\t\t\t\t<div class=\"elementor-element elementor-element-64ef385 hover-image elementor-widget elementor-widget-image\" data-id=\"64ef385\" data-element_type=\"widget\" data-widget_type=\"image.default\">\n\t\t\t\t<div class=\"elementor-widget-container\">\n\t\t\t\t\t\t\t\t\t\t\t\t\t<img decoding=\"async\" width=\"800\" height=\"361\" src=\"https:\/\/visualeurope.com\/wp-content\/uploads\/2020\/04\/NKFI-Alapbol-megvalosulo-projekt-1024x462.jpg\" class=\"attachment-large size-large wp-image-7418\" alt=\"\" srcset=\"https:\/\/visualeurope.com\/wp-content\/uploads\/2020\/04\/NKFI-Alapbol-megvalosulo-projekt-1024x462.jpg 1024w, https:\/\/visualeurope.com\/wp-content\/uploads\/2020\/04\/NKFI-Alapbol-megvalosulo-projekt-300x135.jpg 300w, https:\/\/visualeurope.com\/wp-content\/uploads\/2020\/04\/NKFI-Alapbol-megvalosulo-projekt-768x347.jpg 768w, https:\/\/visualeurope.com\/wp-content\/uploads\/2020\/04\/NKFI-Alapbol-megvalosulo-projekt.jpg 1307w\" sizes=\"(max-width: 800px) 100vw, 800px\" \/>\t\t\t\t\t\t\t\t\t\t\t\t\t<\/div>\n\t\t\t\t<\/div>\n\t\t\t\t\t<\/div>\n\t\t\t\t<\/div>\n\t\t\t\t<div class=\"elementor-element elementor-element-19eb97d hover-text elementor-widget elementor-widget-heading\" data-id=\"19eb97d\" data-element_type=\"widget\" data-widget_type=\"heading.default\">\n\t\t\t\t<div class=\"elementor-widget-container\">\n\t\t\t<h2 class=\"elementor-heading-title elementor-size-default\">2020.04.06. <span class=\"hidden\">h\u00e9tf\u0151<\/span><\/h2>\t\t<\/div>\n\t\t\t\t<\/div>\n\t\t\t\t<div class=\"elementor-element elementor-element-1d5bd6c hover-text elementor-widget elementor-widget-heading\" data-id=\"1d5bd6c\" data-element_type=\"widget\" data-widget_type=\"heading.default\">\n\t\t\t\t<div class=\"elementor-widget-container\">\n\t\t\t<h2 class=\"elementor-heading-title elementor-size-default\">MEGTERVEZZ\u00dcK A J\u00d6V\u0150 DIGIT\u00c1LIS EL\u0150AD\u00d3TERM\u00c9T<\/h2>\t\t<\/div>\n\t\t\t\t<\/div>\n\t\t\t\t<div class=\"elementor-element elementor-element-0223300 hover-text elementor-widget elementor-widget-heading\" data-id=\"0223300\" data-element_type=\"widget\" data-widget_type=\"heading.default\">\n\t\t\t\t<div class=\"elementor-widget-container\">\n\t\t\t<h2 class=\"elementor-heading-title elementor-size-default\">Digit\u00e1lisan jegyzetelhet\u0151 el\u0151ad\u00e1sok, otthon is visszan\u00e9zhet\u0151 \u00e9s \u00e9rt\u00e9kelhet\u0151 tananyag, interakt\u00edv t\u00e1bl\u00e1k, interakt\u00edv el\u0151ad\u00e1sok, integr\u00e1lt rendszerek \u2013 ezeket k\u00edn\u00e1lja a di\u00e1koknak a j\u00f6v\u0151 digit\u00e1lis el\u0151ad\u00f3terme. A fels\u0151oktat\u00e1s \u00faj t\u00edpus\u00fa, digit\u00e1lis rendszere j\u00f6n l\u00e9tre a Visual Europe Project Kft. kutat\u00e1s-fejleszt\u00e9si projektj\u00e9nek k\u00f6sz\u00f6nhet\u0151en, amely egys\u00e9ges\u00edti \u00e9s tudom\u00e1nyosan valid\u00e1lja a vil\u00e1gszerte haszn\u00e1lt k\u00fcl\u00f6nf\u00e9le megold\u00e1sokat.<\/h2>\t\t<\/div>\n\t\t\t\t<\/div>\n\t\t\t\t<div class=\"elementor-element elementor-element-cead27a hover-button elementor-widget elementor-widget-button\" data-id=\"cead27a\" data-element_type=\"widget\" data-widget_type=\"button.default\">\n\t\t\t\t<div class=\"elementor-widget-container\">\n\t\t\t\t\t\t\t<div class=\"elementor-button-wrapper\">\n\t\t\t\t\t<a class=\"elementor-button elementor-button-link elementor-size-sm\" href=\"https:\/\/visualeurope.com\/hu\/palyazatok-type\/megtervezzuk-a-jovo-digitalis-eloadotermet\/\">\n\t\t\t\t\t\t<span class=\"elementor-button-content-wrapper\">\n\t\t\t\t\t\t\t\t\t<span class=\"elementor-button-text\">Tov\u00e1bb<\/span>\n\t\t\t\t\t<\/span>\n\t\t\t\t\t<\/a>\n\t\t\t\t<\/div>\n\t\t\t\t\t\t<\/div>\n\t\t\t\t<\/div>\n\t\t\t\t\t<\/div>\n\t\t\t\t<\/div>\n\t\t\t\t<\/div>\n\t\t<\/div><div class=\"jet-listing-grid__item jet-listing-dynamic-post-1108 jet-equal-columns\" data-post-id=\"1108\" >\t\t<div data-elementor-type=\"jet-listing-items\" data-elementor-id=\"1111\" class=\"elementor elementor-1111\" data-elementor-post-type=\"jet-engine\">\n\t\t\t\t<div class=\"elementor-element elementor-element-d94bbd5 hover-container e-flex e-con-boxed e-con e-parent\" data-id=\"d94bbd5\" data-element_type=\"container\" data-settings=\"{&quot;background_background&quot;:&quot;classic&quot;}\">\n\t\t\t\t\t<div class=\"e-con-inner\">\n\t\t<div class=\"elementor-element elementor-element-93a34ac e-flex e-con-boxed e-con e-child\" data-id=\"93a34ac\" data-element_type=\"container\">\n\t\t\t\t\t<div class=\"e-con-inner\">\n\t\t\t\t<div class=\"elementor-element elementor-element-64ef385 hover-image elementor-widget elementor-widget-image\" data-id=\"64ef385\" data-element_type=\"widget\" data-widget_type=\"image.default\">\n\t\t\t\t<div class=\"elementor-widget-container\">\n\t\t\t\t\t\t\t\t\t\t\t\t\t<img decoding=\"async\" width=\"800\" height=\"296\" src=\"https:\/\/visualeurope.com\/wp-content\/uploads\/2020\/04\/Szechenyi-2020-1024x379.jpg\" class=\"attachment-large size-large wp-image-7415\" alt=\"\" srcset=\"https:\/\/visualeurope.com\/wp-content\/uploads\/2020\/04\/Szechenyi-2020-1024x379.jpg 1024w, https:\/\/visualeurope.com\/wp-content\/uploads\/2020\/04\/Szechenyi-2020-300x111.jpg 300w, https:\/\/visualeurope.com\/wp-content\/uploads\/2020\/04\/Szechenyi-2020-768x285.jpg 768w, https:\/\/visualeurope.com\/wp-content\/uploads\/2020\/04\/Szechenyi-2020-1536x569.jpg 1536w, https:\/\/visualeurope.com\/wp-content\/uploads\/2020\/04\/Szechenyi-2020.jpg 1919w\" sizes=\"(max-width: 800px) 100vw, 800px\" \/>\t\t\t\t\t\t\t\t\t\t\t\t\t<\/div>\n\t\t\t\t<\/div>\n\t\t\t\t\t<\/div>\n\t\t\t\t<\/div>\n\t\t\t\t<div class=\"elementor-element elementor-element-19eb97d hover-text elementor-widget elementor-widget-heading\" data-id=\"19eb97d\" data-element_type=\"widget\" data-widget_type=\"heading.default\">\n\t\t\t\t<div class=\"elementor-widget-container\">\n\t\t\t<h2 class=\"elementor-heading-title elementor-size-default\">2020.04.06. <span class=\"hidden\">h\u00e9tf\u0151<\/span><\/h2>\t\t<\/div>\n\t\t\t\t<\/div>\n\t\t\t\t<div class=\"elementor-element elementor-element-1d5bd6c hover-text elementor-widget elementor-widget-heading\" data-id=\"1d5bd6c\" data-element_type=\"widget\" data-widget_type=\"heading.default\">\n\t\t\t\t<div class=\"elementor-widget-container\">\n\t\t\t<h2 class=\"elementor-heading-title elementor-size-default\">FEJLESZTJ\u00dcK VIZU\u00c1LTECHNIKAI ESZK\u00d6ZPARKUNKAT<\/h2>\t\t<\/div>\n\t\t\t\t<\/div>\n\t\t\t\t<div class=\"elementor-element elementor-element-0223300 hover-text elementor-widget elementor-widget-heading\" data-id=\"0223300\" data-element_type=\"widget\" data-widget_type=\"heading.default\">\n\t\t\t\t<div class=\"elementor-widget-container\">\n\t\t\t<h2 class=\"elementor-heading-title elementor-size-default\">A Visual Europe Project Kft. vizu\u00e1ltechnikai eszk\u00f6zparkj\u00e1t folyamatosan fejleszti, \u00e1lland\u00f3 l\u00e9p\u00e9st tartva a vizu\u00e1lis \u00e9s a hangtechnika fejl\u0151d\u00e9s\u00e9vel, de a technika mellett munkat\u00e1rsait is folyamatosan k\u00e9pezi.<\/h2>\t\t<\/div>\n\t\t\t\t<\/div>\n\t\t\t\t<div class=\"elementor-element elementor-element-cead27a hover-button elementor-widget elementor-widget-button\" data-id=\"cead27a\" data-element_type=\"widget\" data-widget_type=\"button.default\">\n\t\t\t\t<div class=\"elementor-widget-container\">\n\t\t\t\t\t\t\t<div class=\"elementor-button-wrapper\">\n\t\t\t\t\t<a class=\"elementor-button elementor-button-link elementor-size-sm\" href=\"https:\/\/visualeurope.com\/hu\/palyazatok-type\/fejlesztjuk-vizualtechnikai-eszkozparkunkat\/\">\n\t\t\t\t\t\t<span class=\"elementor-button-content-wrapper\">\n\t\t\t\t\t\t\t\t\t<span class=\"elementor-button-text\">Tov\u00e1bb<\/span>\n\t\t\t\t\t<\/span>\n\t\t\t\t\t<\/a>\n\t\t\t\t<\/div>\n\t\t\t\t\t\t<\/div>\n\t\t\t\t<\/div>\n\t\t\t\t\t<\/div>\n\t\t\t\t<\/div>\n\t\t\t\t<\/div>\n\t\t<\/div><div class=\"jet-listing-grid__item jet-listing-dynamic-post-1110 jet-equal-columns\" data-post-id=\"1110\" >\t\t<div data-elementor-type=\"jet-listing-items\" data-elementor-id=\"1111\" class=\"elementor elementor-1111\" data-elementor-post-type=\"jet-engine\">\n\t\t\t\t<div class=\"elementor-element elementor-element-d94bbd5 hover-container e-flex e-con-boxed e-con e-parent\" data-id=\"d94bbd5\" data-element_type=\"container\" data-settings=\"{&quot;background_background&quot;:&quot;classic&quot;}\">\n\t\t\t\t\t<div class=\"e-con-inner\">\n\t\t<div class=\"elementor-element elementor-element-93a34ac e-flex e-con-boxed e-con e-child\" data-id=\"93a34ac\" data-element_type=\"container\">\n\t\t\t\t\t<div class=\"e-con-inner\">\n\t\t\t\t<div class=\"elementor-element elementor-element-64ef385 hover-image elementor-widget elementor-widget-image\" data-id=\"64ef385\" data-element_type=\"widget\" data-widget_type=\"image.default\">\n\t\t\t\t<div class=\"elementor-widget-container\">\n\t\t\t\t\t\t\t\t\t\t\t\t\t<img loading=\"lazy\" decoding=\"async\" width=\"800\" height=\"296\" src=\"https:\/\/visualeurope.com\/wp-content\/uploads\/2020\/04\/Szechenyi-2020-1-1024x379.jpg\" class=\"attachment-large size-large wp-image-7423\" alt=\"\" srcset=\"https:\/\/visualeurope.com\/wp-content\/uploads\/2020\/04\/Szechenyi-2020-1-1024x379.jpg 1024w, https:\/\/visualeurope.com\/wp-content\/uploads\/2020\/04\/Szechenyi-2020-1-300x111.jpg 300w, https:\/\/visualeurope.com\/wp-content\/uploads\/2020\/04\/Szechenyi-2020-1-768x285.jpg 768w, https:\/\/visualeurope.com\/wp-content\/uploads\/2020\/04\/Szechenyi-2020-1-1536x569.jpg 1536w, https:\/\/visualeurope.com\/wp-content\/uploads\/2020\/04\/Szechenyi-2020-1.jpg 1919w\" sizes=\"(max-width: 800px) 100vw, 800px\" \/>\t\t\t\t\t\t\t\t\t\t\t\t\t<\/div>\n\t\t\t\t<\/div>\n\t\t\t\t\t<\/div>\n\t\t\t\t<\/div>\n\t\t\t\t<div class=\"elementor-element elementor-element-19eb97d hover-text elementor-widget elementor-widget-heading\" data-id=\"19eb97d\" data-element_type=\"widget\" data-widget_type=\"heading.default\">\n\t\t\t\t<div class=\"elementor-widget-container\">\n\t\t\t<h2 class=\"elementor-heading-title elementor-size-default\">2020.04.06. <span class=\"hidden\">h\u00e9tf\u0151<\/span><\/h2>\t\t<\/div>\n\t\t\t\t<\/div>\n\t\t\t\t<div class=\"elementor-element elementor-element-1d5bd6c hover-text elementor-widget elementor-widget-heading\" data-id=\"1d5bd6c\" data-element_type=\"widget\" data-widget_type=\"heading.default\">\n\t\t\t\t<div class=\"elementor-widget-container\">\n\t\t\t<h2 class=\"elementor-heading-title elementor-size-default\">LE\u00c1LL\u00c1SMENTES MULTIM\u00c9DI\u00c1S BEJ\u00c1TSZ\u00d3 RENDSZERT TERVEZ\u00dcNK<\/h2>\t\t<\/div>\n\t\t\t\t<\/div>\n\t\t\t\t<div class=\"elementor-element elementor-element-0223300 hover-text elementor-widget elementor-widget-heading\" data-id=\"0223300\" data-element_type=\"widget\" data-widget_type=\"heading.default\">\n\t\t\t\t<div class=\"elementor-widget-container\">\n\t\t\t<h2 class=\"elementor-heading-title elementor-size-default\">A projekt keretei k\u00f6z\u00f6tt c\u00e9lunk bej\u00e1tsz\u00f3 eszk\u00f6z, illetve m\u00e9dia szerver rendszer kialak\u00edt\u00e1sa. A bej\u00e1tsz\u00f3 eszk\u00f6z\u00f6k \u00e9s m\u00e9dia szerverek a rendezv\u00e9nytechnika cs\u00facseszk\u00f6zei, amelyek az \u00f6sszetett st\u00fadi\u00f3 \u00e9s sz\u00ednpadk\u00e9pek el\u0151\u00e1ll\u00edt\u00e1s\u00e1\u00e9rt felel\u0151sek, bele\u00e9rtve a hang \u00e9s video streamek kezel\u00e9s\u00e9t, a mozg\u00f3 sz\u00ednpadtechnikai elemek, robotl\u00e1mp\u00e1k vez\u00e9rl\u00e9s\u00e9t, mint ilyenek ezek az ipar\u00e1g \u00e1ltal biztos\u00edtott funkcionalit\u00e1s kulcseszk\u00f6zei, az ilyen \u00f6sszetett rendszerek \u201eidegk\u00f6zpontjai\u201d.<\/h2>\t\t<\/div>\n\t\t\t\t<\/div>\n\t\t\t\t<div class=\"elementor-element elementor-element-cead27a hover-button elementor-widget elementor-widget-button\" data-id=\"cead27a\" data-element_type=\"widget\" data-widget_type=\"button.default\">\n\t\t\t\t<div class=\"elementor-widget-container\">\n\t\t\t\t\t\t\t<div class=\"elementor-button-wrapper\">\n\t\t\t\t\t<a class=\"elementor-button elementor-button-link elementor-size-sm\" href=\"https:\/\/visualeurope.com\/hu\/palyazatok-type\/nagy-teljesitmenyu-leallasmentes-multimedias-bejatszo-rendszert-tervezunk\/\">\n\t\t\t\t\t\t<span class=\"elementor-button-content-wrapper\">\n\t\t\t\t\t\t\t\t\t<span class=\"elementor-button-text\">Tov\u00e1bb<\/span>\n\t\t\t\t\t<\/span>\n\t\t\t\t\t<\/a>\n\t\t\t\t<\/div>\n\t\t\t\t\t\t<\/div>\n\t\t\t\t<\/div>\n\t\t\t\t\t<\/div>\n\t\t\t\t<\/div>\n\t\t\t\t<\/div>\n\t\t<\/div><\/div><\/div>\t\t<\/div>\n\t\t\t\t<\/div>\n\t\t\t\t<\/div>\n\t\t\t\t<\/div>\n\t\t","protected":false},"excerpt":{"rendered":"<p>P\u00c1LY\u00c1ZATOK Tov\u00e1bb Tov\u00e1bb Tov\u00e1bb Tov\u00e1bb<\/p>\n","protected":false},"author":1,"featured_media":0,"parent":0,"menu_order":0,"comment_status":"closed","ping_status":"closed","template":"elementor_header_footer","meta":{"footnotes":""},"rendszerintegracio-teruletek":[],"rendezveny-teruletek":[],"rendszerintegracio-szolgaltataso":[],"rendezveny-szolgaltatasok":[],"class_list":["post-1100","page","type-page","status-publish","hentry"],"_links":{"self":[{"href":"https:\/\/visualeurope.com\/hu\/wp-json\/wp\/v2\/pages\/1100","targetHints":{"allow":["GET"]}}],"collection":[{"href":"https:\/\/visualeurope.com\/hu\/wp-json\/wp\/v2\/pages"}],"about":[{"href":"https:\/\/visualeurope.com\/hu\/wp-json\/wp\/v2\/types\/page"}],"author":[{"embeddable":true,"href":"https:\/\/visualeurope.com\/hu\/wp-json\/wp\/v2\/users\/1"}],"replies":[{"embeddable":true,"href":"https:\/\/visualeurope.com\/hu\/wp-json\/wp\/v2\/comments?post=1100"}],"version-history":[{"count":6,"href":"https:\/\/visualeurope.com\/hu\/wp-json\/wp\/v2\/pages\/1100\/revisions"}],"predecessor-version":[{"id":8934,"href":"https:\/\/visualeurope.com\/hu\/wp-json\/wp\/v2\/pages\/1100\/revisions\/8934"}],"wp:attachment":[{"href":"https:\/\/visualeurope.com\/hu\/wp-json\/wp\/v2\/media?parent=1100"}],"wp:term":[{"taxonomy":"rendszerintegracio-teruletek","embeddable":true,"href":"https:\/\/visualeurope.com\/hu\/wp-json\/wp\/v2\/rendszerintegracio-teruletek?post=1100"},{"taxonomy":"rendezveny-teruletek","embeddable":true,"href":"https:\/\/visualeurope.com\/hu\/wp-json\/wp\/v2\/rendezveny-teruletek?post=1100"},{"taxonomy":"rendszerintegracio-szolgaltataso","embeddable":true,"href":"https:\/\/visualeurope.com\/hu\/wp-json\/wp\/v2\/rendszerintegracio-szolgaltataso?post=1100"},{"taxonomy":"rendezveny-szolgaltatasok","embeddable":true,"href":"https:\/\/visualeurope.com\/hu\/wp-json\/wp\/v2\/rendezveny-szolgaltatasok?post=1100"}],"curies":[{"name":"wp","href":"https:\/\/api.w.org\/{rel}","templated":true}]}}