{"id":1457,"date":"2024-06-25T13:34:56","date_gmt":"2024-06-25T11:34:56","guid":{"rendered":"https:\/\/visualeurope.com\/?page_id=1457"},"modified":"2024-10-24T09:47:54","modified_gmt":"2024-10-24T07:47:54","slug":"helyszinuzemeltetes","status":"publish","type":"page","link":"https:\/\/visualeurope.com\/hu\/rendezvenyek\/rendezveny-szolgaltatasok\/helyszinuzemeltetes\/","title":{"rendered":"Helysz\u00edn\u00fczemeltet\u00e9s"},"content":{"rendered":"\t\t<div data-elementor-type=\"wp-page\" data-elementor-id=\"1457\" class=\"elementor elementor-1457\" data-elementor-post-type=\"page\">\n\t\t\t\t<div class=\"elementor-element elementor-element-24f59260 e-con-full e-flex e-con e-parent\" data-id=\"24f59260\" data-element_type=\"container\" data-settings=\"{&quot;background_background&quot;:&quot;video&quot;,&quot;background_play_on_mobile&quot;:&quot;yes&quot;}\">\n\t\t\t\t<div class=\"elementor-element elementor-element-69640393 elementor-widget elementor-widget-heading\" data-id=\"69640393\" data-element_type=\"widget\" data-widget_type=\"heading.default\">\n\t\t\t\t<div class=\"elementor-widget-container\">\n\t\t\t<h2 class=\"elementor-heading-title elementor-size-default\">Helysz\u00edn\u00fczemeltet\u00e9s <\/h2>\t\t<\/div>\n\t\t\t\t<\/div>\n\t\t\t\t<\/div>\n\t\t<div class=\"elementor-element elementor-element-36e67f4f e-con-full e-flex e-con e-parent\" data-id=\"36e67f4f\" data-element_type=\"container\" data-settings=\"{&quot;background_background&quot;:&quot;classic&quot;}\">\n\t\t\t\t<div class=\"elementor-element elementor-element-7f109b7 elementor-nav-menu__align-justify elementor-nav-menu--dropdown-tablet elementor-nav-menu__text-align-aside elementor-nav-menu--toggle elementor-nav-menu--burger elementor-widget elementor-widget-nav-menu\" data-id=\"7f109b7\" data-element_type=\"widget\" data-settings=\"{&quot;submenu_icon&quot;:{&quot;value&quot;:&quot;&lt;i class=\\&quot;\\&quot;&gt;&lt;\\\/i&gt;&quot;,&quot;library&quot;:&quot;&quot;},&quot;layout&quot;:&quot;horizontal&quot;,&quot;toggle&quot;:&quot;burger&quot;}\" data-widget_type=\"nav-menu.default\">\n\t\t\t\t<div class=\"elementor-widget-container\">\n\t\t\t\t\t\t<nav aria-label=\"Men\u00fc\" class=\"elementor-nav-menu--main elementor-nav-menu__container elementor-nav-menu--layout-horizontal e--pointer-underline e--animation-fade\">\n\t\t\t\t<ul id=\"menu-1-7f109b7\" class=\"elementor-nav-menu\"><li class=\"menu-item menu-item-type-post_type menu-item-object-page menu-item-1445\"><a href=\"https:\/\/visualeurope.com\/hu\/rendezvenyek\/rendezveny-szolgaltatasok\/hangtechnika\/\" class=\"elementor-item\">Hangtechnika<\/a><\/li>\n<li class=\"menu-item menu-item-type-post_type menu-item-object-page menu-item-1465\"><a href=\"https:\/\/visualeurope.com\/hu\/rendezvenyek\/rendezveny-szolgaltatasok\/fenytechnika\/\" class=\"elementor-item\">F\u00e9nytechnika<\/a><\/li>\n<li class=\"menu-item menu-item-type-post_type menu-item-object-page menu-item-1444\"><a href=\"https:\/\/visualeurope.com\/hu\/rendezvenyek\/rendezveny-szolgaltatasok\/videotechnika\/\" class=\"elementor-item\">Vide\u00f3technika<\/a><\/li>\n<li class=\"menu-item menu-item-type-post_type menu-item-object-page menu-item-1461\"><a href=\"https:\/\/visualeurope.com\/hu\/rendezvenyek\/rendezveny-szolgaltatasok\/szinpadtechnika\/\" class=\"elementor-item\">Sz\u00ednpadtechnika<\/a><\/li>\n<li class=\"menu-item menu-item-type-post_type menu-item-object-page menu-item-1462\"><a href=\"https:\/\/visualeurope.com\/hu\/rendezvenyek\/rendezveny-szolgaltatasok\/dronshow\/\" class=\"elementor-item\">Dr\u00f3nshow<\/a><\/li>\n<li class=\"menu-item menu-item-type-post_type menu-item-object-page menu-item-1464\"><a href=\"https:\/\/visualeurope.com\/hu\/rendezvenyek\/rendezveny-szolgaltatasok\/helyszinuzemeltetes\/\" class=\"elementor-item\">Helysz\u00edn\u00fczemeltet\u00e9s<\/a><\/li>\n<li class=\"menu-item menu-item-type-post_type menu-item-object-page menu-item-1466\"><a href=\"https:\/\/visualeurope.com\/hu\/rendezvenyek\/rendezveny-szolgaltatasok\/berles\/\" class=\"elementor-item\">B\u00e9rl\u00e9s<\/a><\/li>\n<li class=\"menu-item menu-item-type-post_type menu-item-object-page menu-item-1463\"><a href=\"https:\/\/visualeurope.com\/hu\/rendezvenyek\/rendezveny-szolgaltatasok\/epuletvetites\/\" class=\"elementor-item\">Kreat\u00edv st\u00fadi\u00f3<\/a><\/li>\n<li class=\"menu-item menu-item-type-custom menu-item-object-custom menu-item-9616\"><a href=\"https:\/\/distribution.visualeurope.com\/\" class=\"elementor-item\">Disztrib\u00faci\u00f3<\/a><\/li>\n<\/ul>\t\t\t<\/nav>\n\t\t\t\t\t<div class=\"elementor-menu-toggle\" role=\"button\" tabindex=\"0\" aria-label=\"Men\u00fc kapcsol\u00f3\" aria-expanded=\"false\">\n\t\t\t<svg aria-hidden=\"true\" role=\"presentation\" class=\"elementor-menu-toggle__icon--open e-font-icon-svg e-eicon-menu-bar\" viewBox=\"0 0 1000 1000\" xmlns=\"http:\/\/www.w3.org\/2000\/svg\"><path d=\"M104 333H896C929 333 958 304 958 271S929 208 896 208H104C71 208 42 237 42 271S71 333 104 333ZM104 583H896C929 583 958 554 958 521S929 458 896 458H104C71 458 42 487 42 521S71 583 104 583ZM104 833H896C929 833 958 804 958 771S929 708 896 708H104C71 708 42 737 42 771S71 833 104 833Z\"><\/path><\/svg><svg aria-hidden=\"true\" role=\"presentation\" class=\"elementor-menu-toggle__icon--close e-font-icon-svg e-eicon-close\" viewBox=\"0 0 1000 1000\" xmlns=\"http:\/\/www.w3.org\/2000\/svg\"><path d=\"M742 167L500 408 258 167C246 154 233 150 217 150 196 150 179 158 167 167 154 179 150 196 150 212 150 229 154 242 171 254L408 500 167 742C138 771 138 800 167 829 196 858 225 858 254 829L496 587 738 829C750 842 767 846 783 846 800 846 817 842 829 829 842 817 846 804 846 783 846 767 842 750 829 737L588 500 833 258C863 229 863 200 833 171 804 137 775 137 742 167Z\"><\/path><\/svg>\t\t\t<span class=\"elementor-screen-only\">Men\u00fc<\/span>\n\t\t<\/div>\n\t\t\t\t\t<nav class=\"elementor-nav-menu--dropdown elementor-nav-menu__container\" aria-hidden=\"true\">\n\t\t\t\t<ul id=\"menu-2-7f109b7\" class=\"elementor-nav-menu\"><li class=\"menu-item menu-item-type-post_type menu-item-object-page menu-item-1445\"><a href=\"https:\/\/visualeurope.com\/hu\/rendezvenyek\/rendezveny-szolgaltatasok\/hangtechnika\/\" class=\"elementor-item\" tabindex=\"-1\">Hangtechnika<\/a><\/li>\n<li class=\"menu-item menu-item-type-post_type menu-item-object-page menu-item-1465\"><a href=\"https:\/\/visualeurope.com\/hu\/rendezvenyek\/rendezveny-szolgaltatasok\/fenytechnika\/\" class=\"elementor-item\" tabindex=\"-1\">F\u00e9nytechnika<\/a><\/li>\n<li class=\"menu-item menu-item-type-post_type menu-item-object-page menu-item-1444\"><a href=\"https:\/\/visualeurope.com\/hu\/rendezvenyek\/rendezveny-szolgaltatasok\/videotechnika\/\" class=\"elementor-item\" tabindex=\"-1\">Vide\u00f3technika<\/a><\/li>\n<li class=\"menu-item menu-item-type-post_type menu-item-object-page menu-item-1461\"><a href=\"https:\/\/visualeurope.com\/hu\/rendezvenyek\/rendezveny-szolgaltatasok\/szinpadtechnika\/\" class=\"elementor-item\" tabindex=\"-1\">Sz\u00ednpadtechnika<\/a><\/li>\n<li class=\"menu-item menu-item-type-post_type menu-item-object-page menu-item-1462\"><a href=\"https:\/\/visualeurope.com\/hu\/rendezvenyek\/rendezveny-szolgaltatasok\/dronshow\/\" class=\"elementor-item\" tabindex=\"-1\">Dr\u00f3nshow<\/a><\/li>\n<li class=\"menu-item menu-item-type-post_type menu-item-object-page menu-item-1464\"><a href=\"https:\/\/visualeurope.com\/hu\/rendezvenyek\/rendezveny-szolgaltatasok\/helyszinuzemeltetes\/\" class=\"elementor-item\" tabindex=\"-1\">Helysz\u00edn\u00fczemeltet\u00e9s<\/a><\/li>\n<li class=\"menu-item menu-item-type-post_type menu-item-object-page menu-item-1466\"><a href=\"https:\/\/visualeurope.com\/hu\/rendezvenyek\/rendezveny-szolgaltatasok\/berles\/\" class=\"elementor-item\" tabindex=\"-1\">B\u00e9rl\u00e9s<\/a><\/li>\n<li class=\"menu-item menu-item-type-post_type menu-item-object-page menu-item-1463\"><a href=\"https:\/\/visualeurope.com\/hu\/rendezvenyek\/rendezveny-szolgaltatasok\/epuletvetites\/\" class=\"elementor-item\" tabindex=\"-1\">Kreat\u00edv st\u00fadi\u00f3<\/a><\/li>\n<li class=\"menu-item menu-item-type-custom menu-item-object-custom menu-item-9616\"><a href=\"https:\/\/distribution.visualeurope.com\/\" class=\"elementor-item\" tabindex=\"-1\">Disztrib\u00faci\u00f3<\/a><\/li>\n<\/ul>\t\t\t<\/nav>\n\t\t\t\t<\/div>\n\t\t\t\t<\/div>\n\t\t\t\t<\/div>\n\t\t<div class=\"elementor-element elementor-element-5ada139e e-con-full e-flex e-con e-parent\" data-id=\"5ada139e\" data-element_type=\"container\" data-settings=\"{&quot;background_background&quot;:&quot;classic&quot;}\">\n\t\t\t\t<div class=\"elementor-element elementor-element-28662848 elementor-absolute elementor-widget elementor-widget-image\" data-id=\"28662848\" data-element_type=\"widget\" data-settings=\"{&quot;_position&quot;:&quot;absolute&quot;}\" data-widget_type=\"image.default\">\n\t\t\t\t<div class=\"elementor-widget-container\">\n\t\t\t\t\t\t\t\t\t\t\t\t\t<img fetchpriority=\"high\" decoding=\"async\" width=\"481\" height=\"129\" src=\"https:\/\/visualeurope.com\/wp-content\/uploads\/2024\/06\/Group-2.png\" class=\"attachment-full size-full wp-image-75\" alt=\"\" srcset=\"https:\/\/visualeurope.com\/wp-content\/uploads\/2024\/06\/Group-2.png 481w, https:\/\/visualeurope.com\/wp-content\/uploads\/2024\/06\/Group-2-300x80.png 300w\" sizes=\"(max-width: 481px) 100vw, 481px\" \/>\t\t\t\t\t\t\t\t\t\t\t\t\t<\/div>\n\t\t\t\t<\/div>\n\t\t\t\t<div class=\"elementor-element elementor-element-532000a elementor-widget elementor-widget-heading\" data-id=\"532000a\" data-element_type=\"widget\" data-widget_type=\"heading.default\">\n\t\t\t\t<div class=\"elementor-widget-container\">\n\t\t\t<h2 class=\"elementor-heading-title elementor-size-default\">Helysz\u00edn\u00fczemeltet\u00e9s <\/h2>\t\t<\/div>\n\t\t\t\t<\/div>\n\t\t\t\t<div class=\"elementor-element elementor-element-43013b4f elementor-widget elementor-widget-heading\" data-id=\"43013b4f\" data-element_type=\"widget\" data-widget_type=\"heading.default\">\n\t\t\t\t<div class=\"elementor-widget-container\">\n\t\t\t<h2 class=\"elementor-heading-title elementor-size-default\">A Visual Europe Group a rendezv\u00e9nyhelysz\u00ednek audiovizu\u00e1lis rendszereinek folyamatos karbantart\u00e1s\u00e1ra \u00e9s menedzsmentj\u00e9re specializ\u00e1l\u00f3dott. \u00c1tfog\u00f3 szolg\u00e1ltat\u00e1saink garant\u00e1lj\u00e1k, hogy egy helysz\u00ednen az eg\u00e9sz \u00e9v z\u00f6kken\u0151mentesen teljen.<\/h2>\t\t<\/div>\n\t\t\t\t<\/div>\n\t\t\t\t<div class=\"elementor-element elementor-element-59f19e47 elementor-pagination-type-bullets elementor-arrows-position-inside elementor-pagination-position-outside elementor-widget elementor-widget-n-carousel\" data-id=\"59f19e47\" data-element_type=\"widget\" data-settings=\"{&quot;carousel_items&quot;:[{&quot;slide_title&quot;:&quot;Slide #1&quot;,&quot;_id&quot;:&quot;0d82e85&quot;},{&quot;slide_title&quot;:&quot;Slide #1&quot;,&quot;_id&quot;:&quot;1f70299&quot;}],&quot;slides_to_show&quot;:&quot;1&quot;,&quot;offset_sides&quot;:&quot;both&quot;,&quot;offset_width&quot;:{&quot;unit&quot;:&quot;px&quot;,&quot;size&quot;:256,&quot;sizes&quot;:[]},&quot;offset_width_mobile&quot;:{&quot;unit&quot;:&quot;px&quot;,&quot;size&quot;:0,&quot;sizes&quot;:[]},&quot;slides_to_show_tablet&quot;:&quot;2&quot;,&quot;slides_to_show_mobile&quot;:&quot;1&quot;,&quot;infinite&quot;:&quot;yes&quot;,&quot;speed&quot;:500,&quot;offset_width_tablet&quot;:{&quot;unit&quot;:&quot;px&quot;,&quot;size&quot;:&quot;&quot;,&quot;sizes&quot;:[]},&quot;arrows&quot;:&quot;yes&quot;,&quot;pagination&quot;:&quot;bullets&quot;,&quot;image_spacing_custom&quot;:{&quot;unit&quot;:&quot;px&quot;,&quot;size&quot;:10,&quot;sizes&quot;:[]},&quot;image_spacing_custom_tablet&quot;:{&quot;unit&quot;:&quot;px&quot;,&quot;size&quot;:&quot;&quot;,&quot;sizes&quot;:[]},&quot;image_spacing_custom_mobile&quot;:{&quot;unit&quot;:&quot;px&quot;,&quot;size&quot;:&quot;&quot;,&quot;sizes&quot;:[]}}\" data-widget_type=\"nested-carousel.default\">\n\t\t\t\t<div class=\"elementor-widget-container\">\n\t\t\t\t\t<div class=\"e-n-carousel swiper\" dir=\"ltr\">\n\t\t\t<div class=\"swiper-wrapper\" aria-live=\"polite\">\n\t\t\t\t\t\t\t\t\t\t<div class=\"swiper-slide\" data-slide=\"1\" role=\"group\" aria-roledescription=\"slide\" aria-label=\"1 of 2\">\n\t\t\t\t\t\t\t<div class=\"elementor-element elementor-element-51048c00 e-flex e-con-boxed e-con e-child\" data-id=\"51048c00\" data-element_type=\"container\" data-settings=\"{&quot;background_background&quot;:&quot;classic&quot;}\">\n\t\t\t\t\t<div class=\"e-con-inner\">\n\t\t\t\t<div class=\"elementor-element elementor-element-6dc67129 elementor-widget elementor-widget-heading\" data-id=\"6dc67129\" data-element_type=\"widget\" data-widget_type=\"heading.default\">\n\t\t\t\t<div class=\"elementor-widget-container\">\n\t\t\t<h2 class=\"elementor-heading-title elementor-size-default\">\u00c1tfog\u00f3 AV rendszer menedzsment\n<\/h2>\t\t<\/div>\n\t\t\t\t<\/div>\n\t\t\t\t<div class=\"elementor-element elementor-element-6f61ee4b elementor-widget elementor-widget-text-editor\" data-id=\"6f61ee4b\" data-element_type=\"widget\" data-widget_type=\"text-editor.default\">\n\t\t\t\t<div class=\"elementor-widget-container\">\n\t\t\t\t\t\t\t<p>Kezelj\u00fck a hang-, f\u00e9ny- \u00e9s vide\u00f3technika be\u00e1ll\u00edt\u00e1s\u00e1t, m\u0171k\u00f6dtet\u00e9s\u00e9t \u00e9s rendszeres friss\u00edt\u00e9s\u00e9t. Csapatunk gondoskodik arr\u00f3l, hogy minden rendszer t\u00f6k\u00e9letesen m\u0171k\u00f6dj\u00f6n, \u00e9s kiv\u00e9teles \u00e9lm\u00e9nyt ny\u00fajtson minden esem\u00e9ny sz\u00e1m\u00e1ra.<\/p>\t\t\t\t\t\t<\/div>\n\t\t\t\t<\/div>\n\t\t\t\t\t<\/div>\n\t\t\t\t<\/div>\n\t\t\t\t\t\t\t\t<\/div>\n\t\t\t\t\t\t\t\t\t\t\t<div class=\"swiper-slide\" data-slide=\"2\" role=\"group\" aria-roledescription=\"slide\" aria-label=\"2 of 2\">\n\t\t\t\t\t\t\t<div class=\"elementor-element elementor-element-4386975f e-flex e-con-boxed e-con e-child\" data-id=\"4386975f\" data-element_type=\"container\" data-settings=\"{&quot;background_background&quot;:&quot;classic&quot;}\">\n\t\t\t\t\t<div class=\"e-con-inner\">\n\t\t\t\t<div class=\"elementor-element elementor-element-56d43a96 elementor-widget elementor-widget-heading\" data-id=\"56d43a96\" data-element_type=\"widget\" data-widget_type=\"heading.default\">\n\t\t\t\t<div class=\"elementor-widget-container\">\n\t\t\t<h2 class=\"elementor-heading-title elementor-size-default\">B\u00fcszk\u00e9k vagyunk arra, hogy olyan kiv\u00e9teles helysz\u00ednekkel dolgozhatunk egy\u00fctt, mint:\n<\/h2>\t\t<\/div>\n\t\t\t\t<\/div>\n\t\t\t\t<div class=\"elementor-element elementor-element-5d7a9edb elementor-widget elementor-widget-text-editor\" data-id=\"5d7a9edb\" data-element_type=\"widget\" data-widget_type=\"text-editor.default\">\n\t\t\t\t<div class=\"elementor-widget-container\">\n\t\t\t\t\t\t\t<p>* Budapest Park * Groupama Ar\u00e9na * Hungexpo * MOL Campus * MVM Dome * Pesti Vigad\u00f3 * Pusk\u00e1s Ar\u00e9na * Sz\u0151ke G\u00e1bor Mikl\u00f3s St\u00fadi\u00f3 * V\u00e1rkert Baz\u00e1r * Dorothea Hotel * Marriott * Ritz Carlton * W Hotel<\/p><div dir=\"ltr\"><div class=\"input-box\" spellcheck=\"false\"><div id=\"waffle-rich-text-editor\" class=\"cell-input editable disabled-input\" dir=\"ltr\" tabindex=\"0\" role=\"combobox\" contenteditable=\"false\" aria-autocomplete=\"list\" aria-label=\"B32\">Ezeken az exkluz\u00edv partnerkapcsolatokon kereszt\u00fcl szak\u00e9rtelm\u00fcnket a legk\u00fcl\u00f6nb\u00f6z\u0151bb esem\u00e9nyekhez vissz\u00fck el, biztos\u00edtva a legmagasabb sz\u00ednvonal\u00fa audiovizu\u00e1lis \u00e9lm\u00e9nyt minden helysz\u00ednen.<\/div><\/div><\/div><div>\u00a0<\/div>\t\t\t\t\t\t<\/div>\n\t\t\t\t<\/div>\n\t\t\t\t\t<\/div>\n\t\t\t\t<\/div>\n\t\t\t\t\t\t\t\t<\/div>\n\t\t\t\t\t\t\t\t<\/div>\n\t\t<\/div>\n\t\t\t\t\t<div class=\"elementor-swiper-button elementor-swiper-button-prev\" role=\"button\" tabindex=\"0\">\n\t\t\t\t<svg xmlns=\"http:\/\/www.w3.org\/2000\/svg\" width=\"38\" height=\"137\" viewBox=\"0 0 38 137\" fill=\"none\"><path d=\"M37 136L2.00001 68.5L37 1\" stroke=\"white\" stroke-width=\"2\" stroke-linecap=\"round\"><\/path><\/svg>\t\t\t<\/div>\n\t\t\t<div class=\"elementor-swiper-button elementor-swiper-button-next\" role=\"button\" tabindex=\"0\">\n\t\t\t\t<svg xmlns=\"http:\/\/www.w3.org\/2000\/svg\" width=\"38\" height=\"137\" viewBox=\"0 0 38 137\" fill=\"none\"><path d=\"M1 1L36 68.5L1 136\" stroke=\"white\" stroke-width=\"2\" stroke-linecap=\"round\"><\/path><\/svg>\t\t\t<\/div>\n\t\t\t\t\t<div class=\"swiper-pagination\"><\/div>\n\t\t\t\t<\/div>\n\t\t\t\t<\/div>\n\t\t\t\t<\/div>\n\t\t<div class=\"elementor-element elementor-element-20384f56 e-con-full e-flex e-con e-parent\" data-id=\"20384f56\" data-element_type=\"container\" data-settings=\"{&quot;background_background&quot;:&quot;classic&quot;}\">\n\t\t<div class=\"elementor-element elementor-element-7c528c8b e-con-full e-flex e-con e-child\" data-id=\"7c528c8b\" data-element_type=\"container\" data-settings=\"{&quot;background_background&quot;:&quot;classic&quot;}\">\n\t\t\t\t<div class=\"elementor-element elementor-element-513a5bde elementor-widget elementor-widget-heading\" data-id=\"513a5bde\" data-element_type=\"widget\" data-widget_type=\"heading.default\">\n\t\t\t\t<div class=\"elementor-widget-container\">\n\t\t\t<h2 class=\"elementor-heading-title elementor-size-default\">A Munk\u00e1ink<\/h2>\t\t<\/div>\n\t\t\t\t<\/div>\n\t\t\t\t<\/div>\n\t\t\t\t<div class=\"elementor-element elementor-element-7e89a095 elementor-widget elementor-widget-jet-listing-grid\" data-id=\"7e89a095\" data-element_type=\"widget\" data-settings=\"{&quot;columns&quot;:&quot;4&quot;,&quot;columns_mobile&quot;:&quot;1&quot;}\" data-widget_type=\"jet-listing-grid.default\">\n\t\t\t\t<div class=\"elementor-widget-container\">\n\t\t\t<div class=\"jet-listing-grid jet-listing\"><div class=\"jet-listing-not-found jet-listing-grid__items\" data-nav=\"{&quot;enabled&quot;:true,&quot;type&quot;:&quot;click&quot;,&quot;more_el&quot;:&quot;#load-more-munkaink&quot;,&quot;query&quot;:{&quot;query_id&quot;:32},&quot;widget_settings&quot;:{&quot;lisitng_id&quot;:390,&quot;posts_num&quot;:8,&quot;columns&quot;:4,&quot;columns_tablet&quot;:4,&quot;columns_mobile&quot;:1,&quot;is_archive_template&quot;:&quot;&quot;,&quot;post_status&quot;:[&quot;publish&quot;],&quot;use_random_posts_num&quot;:&quot;&quot;,&quot;max_posts_num&quot;:9,&quot;not_found_message&quot;:&quot;Nem tal\\u00e1lhat\\u00f3 a keres\\u00e9snek megfelel\\u0151 tal\\u00e1lat&quot;,&quot;is_masonry&quot;:false,&quot;equal_columns_height&quot;:&quot;yes&quot;,&quot;use_load_more&quot;:&quot;yes&quot;,&quot;load_more_id&quot;:&quot;load-more-munkaink&quot;,&quot;load_more_type&quot;:&quot;click&quot;,&quot;load_more_offset&quot;:{&quot;unit&quot;:&quot;px&quot;,&quot;size&quot;:0,&quot;sizes&quot;:[]},&quot;use_custom_post_types&quot;:&quot;&quot;,&quot;custom_post_types&quot;:[],&quot;hide_widget_if&quot;:&quot;&quot;,&quot;carousel_enabled&quot;:&quot;&quot;,&quot;slides_to_scroll&quot;:&quot;1&quot;,&quot;arrows&quot;:&quot;true&quot;,&quot;arrow_icon&quot;:&quot;fa fa-angle-left&quot;,&quot;dots&quot;:&quot;&quot;,&quot;autoplay&quot;:&quot;true&quot;,&quot;pause_on_hover&quot;:&quot;true&quot;,&quot;autoplay_speed&quot;:5000,&quot;infinite&quot;:&quot;true&quot;,&quot;center_mode&quot;:&quot;&quot;,&quot;effect&quot;:&quot;slide&quot;,&quot;speed&quot;:500,&quot;inject_alternative_items&quot;:&quot;&quot;,&quot;injection_items&quot;:[{&quot;_id&quot;:&quot;add018a&quot;,&quot;item&quot;:&quot;269&quot;,&quot;item_num&quot;:1,&quot;item_colspan&quot;:&quot;2&quot;,&quot;start_from_first&quot;:&quot;yes&quot;,&quot;inject_once&quot;:&quot;yes&quot;}],&quot;scroll_slider_enabled&quot;:&quot;&quot;,&quot;scroll_slider_on&quot;:[&quot;desktop&quot;,&quot;tablet&quot;,&quot;mobile&quot;],&quot;custom_query&quot;:&quot;yes&quot;,&quot;custom_query_id&quot;:&quot;32&quot;,&quot;_element_id&quot;:&quot;&quot;}}\" data-queried-id=\"1457|WP_Post\">Nem tal\u00e1lhat\u00f3 a keres\u00e9snek megfelel\u0151 tal\u00e1lat<\/div><\/div>\t\t<\/div>\n\t\t\t\t<\/div>\n\t\t\t\t<\/div>\n\t\t<div class=\"elementor-element elementor-element-7a74529a e-flex e-con-boxed e-con e-parent\" data-id=\"7a74529a\" data-element_type=\"container\" data-settings=\"{&quot;background_background&quot;:&quot;classic&quot;}\">\n\t\t\t\t\t<div class=\"e-con-inner\">\n\t\t\t\t<div class=\"elementor-element elementor-element-367b99d6 elementor-widget__width-auto elementor-absolute elementor-widget elementor-widget-image\" data-id=\"367b99d6\" data-element_type=\"widget\" data-settings=\"{&quot;_position&quot;:&quot;absolute&quot;}\" data-widget_type=\"image.default\">\n\t\t\t\t<div class=\"elementor-widget-container\">\n\t\t\t\t\t\t\t\t\t\t\t\t\t<img decoding=\"async\" width=\"433\" height=\"116\" src=\"https:\/\/visualeurope.com\/wp-content\/uploads\/2024\/06\/Layer_1-3.png\" class=\"attachment-large size-large wp-image-864\" alt=\"\" srcset=\"https:\/\/visualeurope.com\/wp-content\/uploads\/2024\/06\/Layer_1-3.png 433w, https:\/\/visualeurope.com\/wp-content\/uploads\/2024\/06\/Layer_1-3-300x80.png 300w\" sizes=\"(max-width: 433px) 100vw, 433px\" \/>\t\t\t\t\t\t\t\t\t\t\t\t\t<\/div>\n\t\t\t\t<\/div>\n\t\t\t\t\t<\/div>\n\t\t\t\t<\/div>\n\t\t\t\t<\/div>\n\t\t","protected":false},"excerpt":{"rendered":"<p>Helysz\u00edn\u00fczemeltet\u00e9s Helysz\u00edn\u00fczemeltet\u00e9s A Visual Europe Group a rendezv\u00e9nyhelysz\u00ednek audiovizu\u00e1lis rendszereinek folyamatos karbantart\u00e1s\u00e1ra \u00e9s menedzsmentj\u00e9re specializ\u00e1l\u00f3dott. \u00c1tfog\u00f3 szolg\u00e1ltat\u00e1saink garant\u00e1lj\u00e1k, hogy egy helysz\u00ednen az eg\u00e9sz \u00e9v z\u00f6kken\u0151mentesen teljen. \u00c1tfog\u00f3 AV rendszer menedzsment Kezelj\u00fck a hang-, f\u00e9ny- \u00e9s vide\u00f3technika be\u00e1ll\u00edt\u00e1s\u00e1t, m\u0171k\u00f6dtet\u00e9s\u00e9t \u00e9s rendszeres friss\u00edt\u00e9s\u00e9t. Csapatunk gondoskodik arr\u00f3l, hogy minden rendszer t\u00f6k\u00e9letesen m\u0171k\u00f6dj\u00f6n, \u00e9s kiv\u00e9teles \u00e9lm\u00e9nyt ny\u00fajtson minden esem\u00e9ny [&hellip;]<\/p>\n","protected":false},"author":1,"featured_media":0,"parent":1415,"menu_order":0,"comment_status":"closed","ping_status":"closed","template":"elementor_header_footer","meta":{"footnotes":""},"rendszerintegracio-teruletek":[],"rendezveny-teruletek":[],"rendszerintegracio-szolgaltataso":[],"rendezveny-szolgaltatasok":[34],"class_list":["post-1457","page","type-page","status-publish","hentry","rendezveny-szolgaltatasok-latvanytervezes"],"_links":{"self":[{"href":"https:\/\/visualeurope.com\/hu\/wp-json\/wp\/v2\/pages\/1457","targetHints":{"allow":["GET"]}}],"collection":[{"href":"https:\/\/visualeurope.com\/hu\/wp-json\/wp\/v2\/pages"}],"about":[{"href":"https:\/\/visualeurope.com\/hu\/wp-json\/wp\/v2\/types\/page"}],"author":[{"embeddable":true,"href":"https:\/\/visualeurope.com\/hu\/wp-json\/wp\/v2\/users\/1"}],"replies":[{"embeddable":true,"href":"https:\/\/visualeurope.com\/hu\/wp-json\/wp\/v2\/comments?post=1457"}],"version-history":[{"count":12,"href":"https:\/\/visualeurope.com\/hu\/wp-json\/wp\/v2\/pages\/1457\/revisions"}],"predecessor-version":[{"id":9343,"href":"https:\/\/visualeurope.com\/hu\/wp-json\/wp\/v2\/pages\/1457\/revisions\/9343"}],"up":[{"embeddable":true,"href":"https:\/\/visualeurope.com\/hu\/wp-json\/wp\/v2\/pages\/1415"}],"wp:attachment":[{"href":"https:\/\/visualeurope.com\/hu\/wp-json\/wp\/v2\/media?parent=1457"}],"wp:term":[{"taxonomy":"rendszerintegracio-teruletek","embeddable":true,"href":"https:\/\/visualeurope.com\/hu\/wp-json\/wp\/v2\/rendszerintegracio-teruletek?post=1457"},{"taxonomy":"rendezveny-teruletek","embeddable":true,"href":"https:\/\/visualeurope.com\/hu\/wp-json\/wp\/v2\/rendezveny-teruletek?post=1457"},{"taxonomy":"rendszerintegracio-szolgaltataso","embeddable":true,"href":"https:\/\/visualeurope.com\/hu\/wp-json\/wp\/v2\/rendszerintegracio-szolgaltataso?post=1457"},{"taxonomy":"rendezveny-szolgaltatasok","embeddable":true,"href":"https:\/\/visualeurope.com\/hu\/wp-json\/wp\/v2\/rendezveny-szolgaltatasok?post=1457"}],"curies":[{"name":"wp","href":"https:\/\/api.w.org\/{rel}","templated":true}]}}