{"id":1459,"date":"2024-06-25T13:35:18","date_gmt":"2024-06-25T11:35:18","guid":{"rendered":"https:\/\/visualeurope.com\/?page_id=1459"},"modified":"2024-10-25T11:41:51","modified_gmt":"2024-10-25T09:41:51","slug":"berles","status":"publish","type":"page","link":"https:\/\/visualeurope.com\/hu\/rendezvenyek\/rendezveny-szolgaltatasok\/berles\/","title":{"rendered":"B\u00e9rl\u00e9s"},"content":{"rendered":"\t\t<div data-elementor-type=\"wp-page\" data-elementor-id=\"1459\" class=\"elementor elementor-1459\" data-elementor-post-type=\"page\">\n\t\t\t\t<div class=\"elementor-element elementor-element-afe5893 e-con-full e-flex e-con e-parent\" data-id=\"afe5893\" data-element_type=\"container\" data-settings=\"{&quot;background_background&quot;:&quot;classic&quot;}\">\n\t\t\t\t<div class=\"elementor-element elementor-element-ba3d94c elementor-widget elementor-widget-heading\" data-id=\"ba3d94c\" data-element_type=\"widget\" data-widget_type=\"heading.default\">\n\t\t\t\t<div class=\"elementor-widget-container\">\n\t\t\t<h2 class=\"elementor-heading-title elementor-size-default\">B\u00c9RL\u00c9S<\/h2>\t\t<\/div>\n\t\t\t\t<\/div>\n\t\t\t\t<\/div>\n\t\t<div class=\"elementor-element elementor-element-09f4b4f e-con-full e-flex e-con e-parent\" data-id=\"09f4b4f\" data-element_type=\"container\" data-settings=\"{&quot;background_background&quot;:&quot;classic&quot;}\">\n\t\t\t\t<div class=\"elementor-element elementor-element-e0fe1d2 elementor-nav-menu__align-justify elementor-nav-menu--dropdown-tablet elementor-nav-menu__text-align-aside elementor-nav-menu--toggle elementor-nav-menu--burger elementor-widget elementor-widget-nav-menu\" data-id=\"e0fe1d2\" data-element_type=\"widget\" data-settings=\"{&quot;layout&quot;:&quot;horizontal&quot;,&quot;submenu_icon&quot;:{&quot;value&quot;:&quot;&lt;svg class=\\&quot;e-font-icon-svg e-fas-caret-down\\&quot; viewBox=\\&quot;0 0 320 512\\&quot; xmlns=\\&quot;http:\\\/\\\/www.w3.org\\\/2000\\\/svg\\&quot;&gt;&lt;path d=\\&quot;M31.3 192h257.3c17.8 0 26.7 21.5 14.1 34.1L174.1 354.8c-7.8 7.8-20.5 7.8-28.3 0L17.2 226.1C4.6 213.5 13.5 192 31.3 192z\\&quot;&gt;&lt;\\\/path&gt;&lt;\\\/svg&gt;&quot;,&quot;library&quot;:&quot;fa-solid&quot;},&quot;toggle&quot;:&quot;burger&quot;}\" data-widget_type=\"nav-menu.default\">\n\t\t\t\t<div class=\"elementor-widget-container\">\n\t\t\t\t\t\t<nav aria-label=\"Men\u00fc\" class=\"elementor-nav-menu--main elementor-nav-menu__container elementor-nav-menu--layout-horizontal e--pointer-underline e--animation-fade\">\n\t\t\t\t<ul id=\"menu-1-e0fe1d2\" class=\"elementor-nav-menu\"><li class=\"menu-item menu-item-type-post_type menu-item-object-page menu-item-1445\"><a href=\"https:\/\/visualeurope.com\/hu\/rendezvenyek\/rendezveny-szolgaltatasok\/hangtechnika\/\" class=\"elementor-item\">Hangtechnika<\/a><\/li>\n<li class=\"menu-item menu-item-type-post_type menu-item-object-page menu-item-1465\"><a href=\"https:\/\/visualeurope.com\/hu\/rendezvenyek\/rendezveny-szolgaltatasok\/fenytechnika\/\" class=\"elementor-item\">F\u00e9nytechnika<\/a><\/li>\n<li class=\"menu-item menu-item-type-post_type menu-item-object-page menu-item-1444\"><a href=\"https:\/\/visualeurope.com\/hu\/rendezvenyek\/rendezveny-szolgaltatasok\/videotechnika\/\" class=\"elementor-item\">Vide\u00f3technika<\/a><\/li>\n<li class=\"menu-item menu-item-type-post_type menu-item-object-page menu-item-1461\"><a href=\"https:\/\/visualeurope.com\/hu\/rendezvenyek\/rendezveny-szolgaltatasok\/szinpadtechnika\/\" class=\"elementor-item\">Sz\u00ednpadtechnika<\/a><\/li>\n<li class=\"menu-item menu-item-type-post_type menu-item-object-page menu-item-1462\"><a href=\"https:\/\/visualeurope.com\/hu\/rendezvenyek\/rendezveny-szolgaltatasok\/dronshow\/\" class=\"elementor-item\">Dr\u00f3nshow<\/a><\/li>\n<li class=\"menu-item menu-item-type-post_type menu-item-object-page menu-item-1464\"><a href=\"https:\/\/visualeurope.com\/hu\/rendezvenyek\/rendezveny-szolgaltatasok\/helyszinuzemeltetes\/\" class=\"elementor-item\">Helysz\u00edn\u00fczemeltet\u00e9s<\/a><\/li>\n<li class=\"menu-item menu-item-type-post_type menu-item-object-page menu-item-1466\"><a href=\"https:\/\/visualeurope.com\/hu\/rendezvenyek\/rendezveny-szolgaltatasok\/berles\/\" class=\"elementor-item\">B\u00e9rl\u00e9s<\/a><\/li>\n<li class=\"menu-item menu-item-type-post_type menu-item-object-page menu-item-1463\"><a href=\"https:\/\/visualeurope.com\/hu\/rendezvenyek\/rendezveny-szolgaltatasok\/epuletvetites\/\" class=\"elementor-item\">Kreat\u00edv st\u00fadi\u00f3<\/a><\/li>\n<li class=\"menu-item menu-item-type-custom menu-item-object-custom menu-item-9616\"><a href=\"https:\/\/distribution.visualeurope.com\/\" class=\"elementor-item\">Disztrib\u00faci\u00f3<\/a><\/li>\n<\/ul>\t\t\t<\/nav>\n\t\t\t\t\t<div class=\"elementor-menu-toggle\" role=\"button\" tabindex=\"0\" aria-label=\"Men\u00fc kapcsol\u00f3\" aria-expanded=\"false\">\n\t\t\t<svg aria-hidden=\"true\" role=\"presentation\" class=\"elementor-menu-toggle__icon--open e-font-icon-svg e-eicon-menu-bar\" viewBox=\"0 0 1000 1000\" xmlns=\"http:\/\/www.w3.org\/2000\/svg\"><path d=\"M104 333H896C929 333 958 304 958 271S929 208 896 208H104C71 208 42 237 42 271S71 333 104 333ZM104 583H896C929 583 958 554 958 521S929 458 896 458H104C71 458 42 487 42 521S71 583 104 583ZM104 833H896C929 833 958 804 958 771S929 708 896 708H104C71 708 42 737 42 771S71 833 104 833Z\"><\/path><\/svg><svg aria-hidden=\"true\" role=\"presentation\" class=\"elementor-menu-toggle__icon--close e-font-icon-svg e-eicon-close\" viewBox=\"0 0 1000 1000\" xmlns=\"http:\/\/www.w3.org\/2000\/svg\"><path d=\"M742 167L500 408 258 167C246 154 233 150 217 150 196 150 179 158 167 167 154 179 150 196 150 212 150 229 154 242 171 254L408 500 167 742C138 771 138 800 167 829 196 858 225 858 254 829L496 587 738 829C750 842 767 846 783 846 800 846 817 842 829 829 842 817 846 804 846 783 846 767 842 750 829 737L588 500 833 258C863 229 863 200 833 171 804 137 775 137 742 167Z\"><\/path><\/svg>\t\t\t<span class=\"elementor-screen-only\">Men\u00fc<\/span>\n\t\t<\/div>\n\t\t\t\t\t<nav class=\"elementor-nav-menu--dropdown elementor-nav-menu__container\" aria-hidden=\"true\">\n\t\t\t\t<ul id=\"menu-2-e0fe1d2\" class=\"elementor-nav-menu\"><li class=\"menu-item menu-item-type-post_type menu-item-object-page menu-item-1445\"><a href=\"https:\/\/visualeurope.com\/hu\/rendezvenyek\/rendezveny-szolgaltatasok\/hangtechnika\/\" class=\"elementor-item\" tabindex=\"-1\">Hangtechnika<\/a><\/li>\n<li class=\"menu-item menu-item-type-post_type menu-item-object-page menu-item-1465\"><a href=\"https:\/\/visualeurope.com\/hu\/rendezvenyek\/rendezveny-szolgaltatasok\/fenytechnika\/\" class=\"elementor-item\" tabindex=\"-1\">F\u00e9nytechnika<\/a><\/li>\n<li class=\"menu-item menu-item-type-post_type menu-item-object-page menu-item-1444\"><a href=\"https:\/\/visualeurope.com\/hu\/rendezvenyek\/rendezveny-szolgaltatasok\/videotechnika\/\" class=\"elementor-item\" tabindex=\"-1\">Vide\u00f3technika<\/a><\/li>\n<li class=\"menu-item menu-item-type-post_type menu-item-object-page menu-item-1461\"><a href=\"https:\/\/visualeurope.com\/hu\/rendezvenyek\/rendezveny-szolgaltatasok\/szinpadtechnika\/\" class=\"elementor-item\" tabindex=\"-1\">Sz\u00ednpadtechnika<\/a><\/li>\n<li class=\"menu-item menu-item-type-post_type menu-item-object-page menu-item-1462\"><a href=\"https:\/\/visualeurope.com\/hu\/rendezvenyek\/rendezveny-szolgaltatasok\/dronshow\/\" class=\"elementor-item\" tabindex=\"-1\">Dr\u00f3nshow<\/a><\/li>\n<li class=\"menu-item menu-item-type-post_type menu-item-object-page menu-item-1464\"><a href=\"https:\/\/visualeurope.com\/hu\/rendezvenyek\/rendezveny-szolgaltatasok\/helyszinuzemeltetes\/\" class=\"elementor-item\" tabindex=\"-1\">Helysz\u00edn\u00fczemeltet\u00e9s<\/a><\/li>\n<li class=\"menu-item menu-item-type-post_type menu-item-object-page menu-item-1466\"><a href=\"https:\/\/visualeurope.com\/hu\/rendezvenyek\/rendezveny-szolgaltatasok\/berles\/\" class=\"elementor-item\" tabindex=\"-1\">B\u00e9rl\u00e9s<\/a><\/li>\n<li class=\"menu-item menu-item-type-post_type menu-item-object-page menu-item-1463\"><a href=\"https:\/\/visualeurope.com\/hu\/rendezvenyek\/rendezveny-szolgaltatasok\/epuletvetites\/\" class=\"elementor-item\" tabindex=\"-1\">Kreat\u00edv st\u00fadi\u00f3<\/a><\/li>\n<li class=\"menu-item menu-item-type-custom menu-item-object-custom menu-item-9616\"><a href=\"https:\/\/distribution.visualeurope.com\/\" class=\"elementor-item\" tabindex=\"-1\">Disztrib\u00faci\u00f3<\/a><\/li>\n<\/ul>\t\t\t<\/nav>\n\t\t\t\t<\/div>\n\t\t\t\t<\/div>\n\t\t\t\t<\/div>\n\t\t<div class=\"elementor-element elementor-element-53d3931e e-con-full e-flex e-con e-parent\" data-id=\"53d3931e\" data-element_type=\"container\" data-settings=\"{&quot;background_background&quot;:&quot;classic&quot;}\">\n\t\t\t\t<div class=\"elementor-element elementor-element-4a42e635 elementor-absolute elementor-widget elementor-widget-image\" data-id=\"4a42e635\" data-element_type=\"widget\" data-settings=\"{&quot;_position&quot;:&quot;absolute&quot;}\" data-widget_type=\"image.default\">\n\t\t\t\t<div class=\"elementor-widget-container\">\n\t\t\t\t\t\t\t\t\t\t\t\t\t<img fetchpriority=\"high\" decoding=\"async\" width=\"481\" height=\"129\" src=\"https:\/\/visualeurope.com\/wp-content\/uploads\/2024\/06\/Group-2.png\" class=\"attachment-full size-full wp-image-75\" alt=\"\" srcset=\"https:\/\/visualeurope.com\/wp-content\/uploads\/2024\/06\/Group-2.png 481w, https:\/\/visualeurope.com\/wp-content\/uploads\/2024\/06\/Group-2-300x80.png 300w\" sizes=\"(max-width: 481px) 100vw, 481px\" \/>\t\t\t\t\t\t\t\t\t\t\t\t\t<\/div>\n\t\t\t\t<\/div>\n\t\t\t\t<div class=\"elementor-element elementor-element-68005150 elementor-widget elementor-widget-heading\" data-id=\"68005150\" data-element_type=\"widget\" data-widget_type=\"heading.default\">\n\t\t\t\t<div class=\"elementor-widget-container\">\n\t\t\t<h2 class=\"elementor-heading-title elementor-size-default\">B\u00e9rl\u00e9s<\/h2>\t\t<\/div>\n\t\t\t\t<\/div>\n\t\t\t\t<div class=\"elementor-element elementor-element-386a40d5 elementor-widget elementor-widget-heading\" data-id=\"386a40d5\" data-element_type=\"widget\" data-widget_type=\"heading.default\">\n\t\t\t\t<div class=\"elementor-widget-container\">\n\t\t\t<h2 class=\"elementor-heading-title elementor-size-default\">A Visual Europe Group-n\u00e1l megold\u00e1st k\u00edn\u00e1lunk azoknak az \u00fcgyfeleknek, akik csak a felszerel\u00e9st ig\u00e9nylik esem\u00e9nyeikhez. B\u00e9rl\u00e9si szolg\u00e1ltat\u00e1sunk cs\u00facskateg\u00f3ri\u00e1s audiovizu\u00e1lis eszk\u00f6z\u00f6ket biztos\u00edt, kieg\u00e9sz\u00edt\u0151 szolg\u00e1ltat\u00e1sok n\u00e9lk\u00fcl. Kiterjedt nemzetk\u00f6zi partnerh\u00e1l\u00f3zatunk biztos\u00edtja, hogy minden audiovizu\u00e1lis sz\u00fcks\u00e9gletre van megold\u00e1sunk.<\/h2>\t\t<\/div>\n\t\t\t\t<\/div>\n\t\t\t\t<div class=\"elementor-element elementor-element-778d2689 elementor-pagination-type-bullets elementor-arrows-position-inside elementor-pagination-position-outside elementor-widget elementor-widget-n-carousel\" data-id=\"778d2689\" data-element_type=\"widget\" data-settings=\"{&quot;carousel_items&quot;:[{&quot;slide_title&quot;:&quot;Slide #1&quot;,&quot;_id&quot;:&quot;0d82e85&quot;},{&quot;slide_title&quot;:&quot;Slide #1&quot;,&quot;_id&quot;:&quot;1f70299&quot;},{&quot;slide_title&quot;:&quot;Slide #1&quot;,&quot;_id&quot;:&quot;4dfe525&quot;}],&quot;slides_to_show&quot;:&quot;1&quot;,&quot;offset_sides&quot;:&quot;both&quot;,&quot;offset_width&quot;:{&quot;unit&quot;:&quot;px&quot;,&quot;size&quot;:256,&quot;sizes&quot;:[]},&quot;offset_width_mobile&quot;:{&quot;unit&quot;:&quot;px&quot;,&quot;size&quot;:0,&quot;sizes&quot;:[]},&quot;slides_to_show_tablet&quot;:&quot;2&quot;,&quot;slides_to_show_mobile&quot;:&quot;1&quot;,&quot;infinite&quot;:&quot;yes&quot;,&quot;speed&quot;:500,&quot;offset_width_tablet&quot;:{&quot;unit&quot;:&quot;px&quot;,&quot;size&quot;:&quot;&quot;,&quot;sizes&quot;:[]},&quot;arrows&quot;:&quot;yes&quot;,&quot;pagination&quot;:&quot;bullets&quot;,&quot;image_spacing_custom&quot;:{&quot;unit&quot;:&quot;px&quot;,&quot;size&quot;:10,&quot;sizes&quot;:[]},&quot;image_spacing_custom_tablet&quot;:{&quot;unit&quot;:&quot;px&quot;,&quot;size&quot;:&quot;&quot;,&quot;sizes&quot;:[]},&quot;image_spacing_custom_mobile&quot;:{&quot;unit&quot;:&quot;px&quot;,&quot;size&quot;:&quot;&quot;,&quot;sizes&quot;:[]}}\" data-widget_type=\"nested-carousel.default\">\n\t\t\t\t<div class=\"elementor-widget-container\">\n\t\t\t\t\t<div class=\"e-n-carousel swiper\" dir=\"ltr\">\n\t\t\t<div class=\"swiper-wrapper\" aria-live=\"polite\">\n\t\t\t\t\t\t\t\t\t\t<div class=\"swiper-slide\" data-slide=\"1\" role=\"group\" aria-roledescription=\"slide\" aria-label=\"1 of 3\">\n\t\t\t\t\t\t\t<div class=\"elementor-element elementor-element-5521aec0 e-flex e-con-boxed e-con e-child\" data-id=\"5521aec0\" data-element_type=\"container\" data-settings=\"{&quot;background_background&quot;:&quot;classic&quot;}\">\n\t\t\t\t\t<div class=\"e-con-inner\">\n\t\t\t\t<div class=\"elementor-element elementor-element-3d2abb4 elementor-widget elementor-widget-heading\" data-id=\"3d2abb4\" data-element_type=\"widget\" data-widget_type=\"heading.default\">\n\t\t\t\t<div class=\"elementor-widget-container\">\n\t\t\t<h2 class=\"elementor-heading-title elementor-size-default\">K\u00e9zenfekv\u0151 megold\u00e1s \u00f6n\u00e1ll\u00f3 esem\u00e9nyekhez<\/h2>\t\t<\/div>\n\t\t\t\t<\/div>\n\t\t\t\t<div class=\"elementor-element elementor-element-2dea848c elementor-widget elementor-widget-text-editor\" data-id=\"2dea848c\" data-element_type=\"widget\" data-widget_type=\"text-editor.default\">\n\t\t\t\t<div class=\"elementor-widget-container\">\n\t\t\t\t\t\t\t<p>B\u00e9rl\u00e9si opci\u00f3ink t\u00f6k\u00e9letesek, ha csak az eszk\u00f6zre van sz\u00fcks\u00e9g. Mi biztos\u00edtjuk a kiv\u00e1l\u00f3 min\u0151s\u00e9g\u0171 felszerel\u00e9st, tov\u00e1bbi szolg\u00e1ltat\u00e1sok n\u00e9lk\u00fcl.<\/p>\t\t\t\t\t\t<\/div>\n\t\t\t\t<\/div>\n\t\t\t\t\t<\/div>\n\t\t\t\t<\/div>\n\t\t\t\t\t\t\t\t<\/div>\n\t\t\t\t\t\t\t\t\t\t\t<div class=\"swiper-slide\" data-slide=\"2\" role=\"group\" aria-roledescription=\"slide\" aria-label=\"2 of 3\">\n\t\t\t\t\t\t\t<div class=\"elementor-element elementor-element-205f827b e-flex e-con-boxed e-con e-child\" data-id=\"205f827b\" data-element_type=\"container\" data-settings=\"{&quot;background_background&quot;:&quot;classic&quot;}\">\n\t\t\t\t\t<div class=\"e-con-inner\">\n\t\t\t\t<div class=\"elementor-element elementor-element-2c7c1cfe elementor-widget elementor-widget-heading\" data-id=\"2c7c1cfe\" data-element_type=\"widget\" data-widget_type=\"heading.default\">\n\t\t\t\t<div class=\"elementor-widget-container\">\n\t\t\t<h2 class=\"elementor-heading-title elementor-size-default\">A legjobb eszk\u00f6z\u00f6k<\/h2>\t\t<\/div>\n\t\t\t\t<\/div>\n\t\t\t\t<div class=\"elementor-element elementor-element-3b6dee61 elementor-widget elementor-widget-text-editor\" data-id=\"3b6dee61\" data-element_type=\"widget\" data-widget_type=\"text-editor.default\">\n\t\t\t\t<div class=\"elementor-widget-container\">\n\t\t\t\t\t\t\t<p>Sz\u00e9les v\u00e1laszt\u00e9kot k\u00edn\u00e1lunk b\u00e9rl\u00e9sre sz\u00e1nt audiovizu\u00e1lis eszk\u00f6z\u00f6kb\u0151l, a legjobb el\u00e9rhet\u0151 eszk\u00f6z\u00f6ket biztos\u00edtva. Legyen sz\u00f3 hang-, f\u00e9ny-, vide\u00f3technik\u00e1r\u00f3l, vagy m\u00e1s eszk\u00f6z\u00f6kr\u0151l, k\u00e9szlet\u00fcnk rendelkez\u00e9sre \u00e1ll.<\/p><div>\u00a0<\/div>\t\t\t\t\t\t<\/div>\n\t\t\t\t<\/div>\n\t\t\t\t\t<\/div>\n\t\t\t\t<\/div>\n\t\t\t\t\t\t\t\t<\/div>\n\t\t\t\t\t\t\t\t\t\t\t<div class=\"swiper-slide\" data-slide=\"3\" role=\"group\" aria-roledescription=\"slide\" aria-label=\"3 of 3\">\n\t\t\t\t\t\t\t<div class=\"elementor-element elementor-element-4f6794e e-flex e-con-boxed e-con e-child\" data-id=\"4f6794e\" data-element_type=\"container\" data-settings=\"{&quot;background_background&quot;:&quot;classic&quot;}\">\n\t\t\t\t\t<div class=\"e-con-inner\">\n\t\t\t\t<div class=\"elementor-element elementor-element-f571019 elementor-widget elementor-widget-heading\" data-id=\"f571019\" data-element_type=\"widget\" data-widget_type=\"heading.default\">\n\t\t\t\t<div class=\"elementor-widget-container\">\n\t\t\t<h2 class=\"elementor-heading-title elementor-size-default\">Amivel dolgozunk<\/h2>\t\t<\/div>\n\t\t\t\t<\/div>\n\t\t\t\t<div class=\"elementor-element elementor-element-27272b3 elementor-widget elementor-widget-text-editor\" data-id=\"27272b3\" data-element_type=\"widget\" data-widget_type=\"text-editor.default\">\n\t\t\t\t<div class=\"elementor-widget-container\">\n\t\t\t\t\t\t\t<p>Hang: d&amp;b, L&#8217;Acoustics, Meyer Sound, AVID, DiGiCo, Shure Vil\u00e1g\u00edt\u00e1s: Robe, ROXX, Elation, CLF, Martin, MA Lighting Vizualiz\u00e1ci\u00f3s technol\u00f3gia: Unilumin, Absen, AnalogWay, Roland, Lightware<\/p>\t\t\t\t\t\t<\/div>\n\t\t\t\t<\/div>\n\t\t\t\t\t<\/div>\n\t\t\t\t<\/div>\n\t\t\t\t\t\t\t\t<\/div>\n\t\t\t\t\t\t\t\t<\/div>\n\t\t<\/div>\n\t\t\t\t\t<div class=\"elementor-swiper-button elementor-swiper-button-prev\" role=\"button\" tabindex=\"0\">\n\t\t\t\t<svg xmlns=\"http:\/\/www.w3.org\/2000\/svg\" width=\"38\" height=\"137\" viewBox=\"0 0 38 137\" fill=\"none\"><path d=\"M37 136L2.00001 68.5L37 1\" stroke=\"white\" stroke-width=\"2\" stroke-linecap=\"round\"><\/path><\/svg>\t\t\t<\/div>\n\t\t\t<div class=\"elementor-swiper-button elementor-swiper-button-next\" role=\"button\" tabindex=\"0\">\n\t\t\t\t<svg xmlns=\"http:\/\/www.w3.org\/2000\/svg\" width=\"38\" height=\"137\" viewBox=\"0 0 38 137\" fill=\"none\"><path d=\"M1 1L36 68.5L1 136\" stroke=\"white\" stroke-width=\"2\" stroke-linecap=\"round\"><\/path><\/svg>\t\t\t<\/div>\n\t\t\t\t\t<div class=\"swiper-pagination\"><\/div>\n\t\t\t\t<\/div>\n\t\t\t\t<\/div>\n\t\t\t\t<\/div>\n\t\t\t\t<\/div>\n\t\t","protected":false},"excerpt":{"rendered":"<p>B\u00c9RL\u00c9S B\u00e9rl\u00e9s A Visual Europe Group-n\u00e1l megold\u00e1st k\u00edn\u00e1lunk azoknak az \u00fcgyfeleknek, akik csak a felszerel\u00e9st ig\u00e9nylik esem\u00e9nyeikhez. B\u00e9rl\u00e9si szolg\u00e1ltat\u00e1sunk cs\u00facskateg\u00f3ri\u00e1s audiovizu\u00e1lis eszk\u00f6z\u00f6ket biztos\u00edt, kieg\u00e9sz\u00edt\u0151 szolg\u00e1ltat\u00e1sok n\u00e9lk\u00fcl. Kiterjedt nemzetk\u00f6zi partnerh\u00e1l\u00f3zatunk biztos\u00edtja, hogy minden audiovizu\u00e1lis sz\u00fcks\u00e9gletre van megold\u00e1sunk. K\u00e9zenfekv\u0151 megold\u00e1s \u00f6n\u00e1ll\u00f3 esem\u00e9nyekhez B\u00e9rl\u00e9si opci\u00f3ink t\u00f6k\u00e9letesek, ha csak az eszk\u00f6zre van sz\u00fcks\u00e9g. Mi biztos\u00edtjuk a kiv\u00e1l\u00f3 min\u0151s\u00e9g\u0171 felszerel\u00e9st, [&hellip;]<\/p>\n","protected":false},"author":1,"featured_media":0,"parent":1415,"menu_order":0,"comment_status":"closed","ping_status":"closed","template":"","meta":{"footnotes":""},"rendszerintegracio-teruletek":[],"rendezveny-teruletek":[],"rendszerintegracio-szolgaltataso":[],"rendezveny-szolgaltatasok":[35],"class_list":["post-1459","page","type-page","status-publish","hentry","rendezveny-szolgaltatasok-szarazberles"],"_links":{"self":[{"href":"https:\/\/visualeurope.com\/hu\/wp-json\/wp\/v2\/pages\/1459","targetHints":{"allow":["GET"]}}],"collection":[{"href":"https:\/\/visualeurope.com\/hu\/wp-json\/wp\/v2\/pages"}],"about":[{"href":"https:\/\/visualeurope.com\/hu\/wp-json\/wp\/v2\/types\/page"}],"author":[{"embeddable":true,"href":"https:\/\/visualeurope.com\/hu\/wp-json\/wp\/v2\/users\/1"}],"replies":[{"embeddable":true,"href":"https:\/\/visualeurope.com\/hu\/wp-json\/wp\/v2\/comments?post=1459"}],"version-history":[{"count":6,"href":"https:\/\/visualeurope.com\/hu\/wp-json\/wp\/v2\/pages\/1459\/revisions"}],"predecessor-version":[{"id":9509,"href":"https:\/\/visualeurope.com\/hu\/wp-json\/wp\/v2\/pages\/1459\/revisions\/9509"}],"up":[{"embeddable":true,"href":"https:\/\/visualeurope.com\/hu\/wp-json\/wp\/v2\/pages\/1415"}],"wp:attachment":[{"href":"https:\/\/visualeurope.com\/hu\/wp-json\/wp\/v2\/media?parent=1459"}],"wp:term":[{"taxonomy":"rendszerintegracio-teruletek","embeddable":true,"href":"https:\/\/visualeurope.com\/hu\/wp-json\/wp\/v2\/rendszerintegracio-teruletek?post=1459"},{"taxonomy":"rendezveny-teruletek","embeddable":true,"href":"https:\/\/visualeurope.com\/hu\/wp-json\/wp\/v2\/rendezveny-teruletek?post=1459"},{"taxonomy":"rendszerintegracio-szolgaltataso","embeddable":true,"href":"https:\/\/visualeurope.com\/hu\/wp-json\/wp\/v2\/rendszerintegracio-szolgaltataso?post=1459"},{"taxonomy":"rendezveny-szolgaltatasok","embeddable":true,"href":"https:\/\/visualeurope.com\/hu\/wp-json\/wp\/v2\/rendezveny-szolgaltatasok?post=1459"}],"curies":[{"name":"wp","href":"https:\/\/api.w.org\/{rel}","templated":true}]}}