{"id":2228,"date":"2024-06-26T00:09:25","date_gmt":"2024-06-25T22:09:25","guid":{"rendered":"https:\/\/visualeurope.com\/?page_id=2228"},"modified":"2024-10-25T11:45:46","modified_gmt":"2024-10-25T09:45:46","slug":"ceges-rendezveny","status":"publish","type":"page","link":"https:\/\/visualeurope.com\/hu\/rendezvenyek\/rendezveny-teruletek\/ceges-rendezveny\/","title":{"rendered":"C\u00e9ges rendezv\u00e9ny"},"content":{"rendered":"\t\t<div data-elementor-type=\"wp-page\" data-elementor-id=\"2228\" class=\"elementor elementor-2228\" data-elementor-post-type=\"page\">\n\t\t\t\t<div class=\"elementor-element elementor-element-64688165 e-con-full e-flex e-con e-parent\" data-id=\"64688165\" data-element_type=\"container\" data-settings=\"{&quot;background_background&quot;:&quot;video&quot;,&quot;background_play_on_mobile&quot;:&quot;yes&quot;}\">\n\t\t\t\t<div class=\"elementor-element elementor-element-32a28d5f elementor-widget elementor-widget-heading\" data-id=\"32a28d5f\" data-element_type=\"widget\" data-widget_type=\"heading.default\">\n\t\t\t\t<div class=\"elementor-widget-container\">\n\t\t\t<h2 class=\"elementor-heading-title elementor-size-default\">C\u00e9ges rendezv\u00e9ny<\/h2>\t\t<\/div>\n\t\t\t\t<\/div>\n\t\t\t\t<\/div>\n\t\t<div class=\"elementor-element elementor-element-6b091f5d e-con-full e-flex e-con e-parent\" data-id=\"6b091f5d\" data-element_type=\"container\" data-settings=\"{&quot;background_background&quot;:&quot;classic&quot;}\">\n\t\t\t\t<div class=\"elementor-element elementor-element-7960d55e elementor-nav-menu__align-justify elementor-nav-menu--dropdown-tablet elementor-nav-menu__text-align-aside elementor-nav-menu--toggle elementor-nav-menu--burger elementor-widget elementor-widget-nav-menu\" data-id=\"7960d55e\" data-element_type=\"widget\" data-settings=\"{&quot;submenu_icon&quot;:{&quot;value&quot;:&quot;&lt;i class=\\&quot;\\&quot;&gt;&lt;\\\/i&gt;&quot;,&quot;library&quot;:&quot;&quot;},&quot;layout&quot;:&quot;horizontal&quot;,&quot;toggle&quot;:&quot;burger&quot;}\" data-widget_type=\"nav-menu.default\">\n\t\t\t\t<div class=\"elementor-widget-container\">\n\t\t\t\t\t\t<nav aria-label=\"Men\u00fc\" class=\"elementor-nav-menu--main elementor-nav-menu__container elementor-nav-menu--layout-horizontal e--pointer-underline e--animation-fade\">\n\t\t\t\t<ul id=\"menu-1-7960d55e\" class=\"elementor-nav-menu\"><li class=\"menu-item menu-item-type-post_type menu-item-object-page menu-item-2242\"><a href=\"https:\/\/visualeurope.com\/hu\/rendezvenyek\/rendezveny-teruletek\/koncert-es-fesztival\/\" class=\"elementor-item\">Koncert \u00e9s fesztiv\u00e1l<\/a><\/li>\n<li class=\"menu-item menu-item-type-post_type menu-item-object-page menu-item-3815\"><a href=\"https:\/\/visualeurope.com\/hu\/rendezvenyek\/rendezveny-teruletek\/epuletvetites\/\" class=\"elementor-item\">\u00c9p\u00fcletvet\u00edt\u00e9s<\/a><\/li>\n<li class=\"menu-item menu-item-type-post_type menu-item-object-page menu-item-3820\"><a href=\"https:\/\/visualeurope.com\/hu\/rendezvenyek\/rendezveny-teruletek\/konferencia\/\" class=\"elementor-item\">Konferencia, kongresszus<\/a><\/li>\n<li class=\"menu-item menu-item-type-post_type menu-item-object-page menu-item-2245\"><a href=\"https:\/\/visualeurope.com\/hu\/rendezvenyek\/rendezveny-teruletek\/kiallitas-expo\/\" class=\"elementor-item\">Ki\u00e1ll\u00edt\u00e1s, expo<\/a><\/li>\n<li class=\"menu-item menu-item-type-post_type menu-item-object-page menu-item-2246\"><a href=\"https:\/\/visualeurope.com\/hu\/rendezvenyek\/rendezveny-teruletek\/sport\/\" class=\"elementor-item\">Sportesem\u00e9ny<\/a><\/li>\n<li class=\"menu-item menu-item-type-post_type menu-item-object-page menu-item-4960\"><a href=\"https:\/\/visualeurope.com\/hu\/rendezvenyek\/rendezveny-szolgaltatasok\/dronshow\/\" class=\"elementor-item\">Dr\u00f3nshow<\/a><\/li>\n<li class=\"menu-item menu-item-type-post_type menu-item-object-page menu-item-3813\"><a href=\"https:\/\/visualeurope.com\/hu\/rendezvenyek\/rendezveny-teruletek\/ceges-rendezveny\/\" class=\"elementor-item\">C\u00e9ges rendezv\u00e9ny<\/a><\/li>\n<li class=\"menu-item menu-item-type-post_type menu-item-object-page menu-item-3816\"><a href=\"https:\/\/visualeurope.com\/hu\/rendezvenyek\/rendezveny-teruletek\/gala-bemutato\/\" class=\"elementor-item\">G\u00e1la, bemutat\u00f3<\/a><\/li>\n<li class=\"menu-item menu-item-type-post_type menu-item-object-page menu-item-2247\"><a href=\"https:\/\/visualeurope.com\/hu\/rendezvenyek\/rendezveny-teruletek\/tv-musor\/\" class=\"elementor-item\">TV show<\/a><\/li>\n<li class=\"menu-item menu-item-type-post_type menu-item-object-page menu-item-3817\"><a href=\"https:\/\/visualeurope.com\/hu\/rendezvenyek\/rendezveny-teruletek\/it-halozat\/\" class=\"elementor-item\">IT h\u00e1l\u00f3zat<\/a><\/li>\n<li class=\"menu-item menu-item-type-post_type menu-item-object-page menu-item-3811\"><a href=\"https:\/\/visualeurope.com\/hu\/rendezvenyek\/rendezveny-teruletek\/aramkiepites\/\" class=\"elementor-item\">\u00c1ramki\u00e9p\u00edt\u00e9s<\/a><\/li>\n<li class=\"menu-item menu-item-type-post_type menu-item-object-page menu-item-3812\"><a href=\"https:\/\/visualeurope.com\/hu\/rendezvenyek\/rendezveny-teruletek\/broadcast-szolgaltatas\/\" class=\"elementor-item\">Broadcast szolg\u00e1ltat\u00e1s<\/a><\/li>\n<\/ul>\t\t\t<\/nav>\n\t\t\t\t\t<div class=\"elementor-menu-toggle\" role=\"button\" tabindex=\"0\" aria-label=\"Men\u00fc kapcsol\u00f3\" aria-expanded=\"false\">\n\t\t\t<svg aria-hidden=\"true\" role=\"presentation\" class=\"elementor-menu-toggle__icon--open e-font-icon-svg e-eicon-menu-bar\" viewBox=\"0 0 1000 1000\" xmlns=\"http:\/\/www.w3.org\/2000\/svg\"><path d=\"M104 333H896C929 333 958 304 958 271S929 208 896 208H104C71 208 42 237 42 271S71 333 104 333ZM104 583H896C929 583 958 554 958 521S929 458 896 458H104C71 458 42 487 42 521S71 583 104 583ZM104 833H896C929 833 958 804 958 771S929 708 896 708H104C71 708 42 737 42 771S71 833 104 833Z\"><\/path><\/svg><svg aria-hidden=\"true\" role=\"presentation\" class=\"elementor-menu-toggle__icon--close e-font-icon-svg e-eicon-close\" viewBox=\"0 0 1000 1000\" xmlns=\"http:\/\/www.w3.org\/2000\/svg\"><path d=\"M742 167L500 408 258 167C246 154 233 150 217 150 196 150 179 158 167 167 154 179 150 196 150 212 150 229 154 242 171 254L408 500 167 742C138 771 138 800 167 829 196 858 225 858 254 829L496 587 738 829C750 842 767 846 783 846 800 846 817 842 829 829 842 817 846 804 846 783 846 767 842 750 829 737L588 500 833 258C863 229 863 200 833 171 804 137 775 137 742 167Z\"><\/path><\/svg>\t\t\t<span class=\"elementor-screen-only\">Men\u00fc<\/span>\n\t\t<\/div>\n\t\t\t\t\t<nav class=\"elementor-nav-menu--dropdown elementor-nav-menu__container\" aria-hidden=\"true\">\n\t\t\t\t<ul id=\"menu-2-7960d55e\" class=\"elementor-nav-menu\"><li class=\"menu-item menu-item-type-post_type menu-item-object-page menu-item-2242\"><a href=\"https:\/\/visualeurope.com\/hu\/rendezvenyek\/rendezveny-teruletek\/koncert-es-fesztival\/\" class=\"elementor-item\" tabindex=\"-1\">Koncert \u00e9s fesztiv\u00e1l<\/a><\/li>\n<li class=\"menu-item menu-item-type-post_type menu-item-object-page menu-item-3815\"><a href=\"https:\/\/visualeurope.com\/hu\/rendezvenyek\/rendezveny-teruletek\/epuletvetites\/\" class=\"elementor-item\" tabindex=\"-1\">\u00c9p\u00fcletvet\u00edt\u00e9s<\/a><\/li>\n<li class=\"menu-item menu-item-type-post_type menu-item-object-page menu-item-3820\"><a href=\"https:\/\/visualeurope.com\/hu\/rendezvenyek\/rendezveny-teruletek\/konferencia\/\" class=\"elementor-item\" tabindex=\"-1\">Konferencia, kongresszus<\/a><\/li>\n<li class=\"menu-item menu-item-type-post_type menu-item-object-page menu-item-2245\"><a href=\"https:\/\/visualeurope.com\/hu\/rendezvenyek\/rendezveny-teruletek\/kiallitas-expo\/\" class=\"elementor-item\" tabindex=\"-1\">Ki\u00e1ll\u00edt\u00e1s, expo<\/a><\/li>\n<li class=\"menu-item menu-item-type-post_type menu-item-object-page menu-item-2246\"><a href=\"https:\/\/visualeurope.com\/hu\/rendezvenyek\/rendezveny-teruletek\/sport\/\" class=\"elementor-item\" tabindex=\"-1\">Sportesem\u00e9ny<\/a><\/li>\n<li class=\"menu-item menu-item-type-post_type menu-item-object-page menu-item-4960\"><a href=\"https:\/\/visualeurope.com\/hu\/rendezvenyek\/rendezveny-szolgaltatasok\/dronshow\/\" class=\"elementor-item\" tabindex=\"-1\">Dr\u00f3nshow<\/a><\/li>\n<li class=\"menu-item menu-item-type-post_type menu-item-object-page menu-item-3813\"><a href=\"https:\/\/visualeurope.com\/hu\/rendezvenyek\/rendezveny-teruletek\/ceges-rendezveny\/\" class=\"elementor-item\" tabindex=\"-1\">C\u00e9ges rendezv\u00e9ny<\/a><\/li>\n<li class=\"menu-item menu-item-type-post_type menu-item-object-page menu-item-3816\"><a href=\"https:\/\/visualeurope.com\/hu\/rendezvenyek\/rendezveny-teruletek\/gala-bemutato\/\" class=\"elementor-item\" tabindex=\"-1\">G\u00e1la, bemutat\u00f3<\/a><\/li>\n<li class=\"menu-item menu-item-type-post_type menu-item-object-page menu-item-2247\"><a href=\"https:\/\/visualeurope.com\/hu\/rendezvenyek\/rendezveny-teruletek\/tv-musor\/\" class=\"elementor-item\" tabindex=\"-1\">TV show<\/a><\/li>\n<li class=\"menu-item menu-item-type-post_type menu-item-object-page menu-item-3817\"><a href=\"https:\/\/visualeurope.com\/hu\/rendezvenyek\/rendezveny-teruletek\/it-halozat\/\" class=\"elementor-item\" tabindex=\"-1\">IT h\u00e1l\u00f3zat<\/a><\/li>\n<li class=\"menu-item menu-item-type-post_type menu-item-object-page menu-item-3811\"><a href=\"https:\/\/visualeurope.com\/hu\/rendezvenyek\/rendezveny-teruletek\/aramkiepites\/\" class=\"elementor-item\" tabindex=\"-1\">\u00c1ramki\u00e9p\u00edt\u00e9s<\/a><\/li>\n<li class=\"menu-item menu-item-type-post_type menu-item-object-page menu-item-3812\"><a href=\"https:\/\/visualeurope.com\/hu\/rendezvenyek\/rendezveny-teruletek\/broadcast-szolgaltatas\/\" class=\"elementor-item\" tabindex=\"-1\">Broadcast szolg\u00e1ltat\u00e1s<\/a><\/li>\n<\/ul>\t\t\t<\/nav>\n\t\t\t\t<\/div>\n\t\t\t\t<\/div>\n\t\t\t\t<\/div>\n\t\t<div class=\"elementor-element elementor-element-4925e35e e-con-full e-flex e-con e-parent\" data-id=\"4925e35e\" data-element_type=\"container\" data-settings=\"{&quot;background_background&quot;:&quot;classic&quot;}\">\n\t\t\t\t<div class=\"elementor-element elementor-element-89d6cda elementor-absolute elementor-widget elementor-widget-image\" data-id=\"89d6cda\" data-element_type=\"widget\" data-settings=\"{&quot;_position&quot;:&quot;absolute&quot;}\" data-widget_type=\"image.default\">\n\t\t\t\t<div class=\"elementor-widget-container\">\n\t\t\t\t\t\t\t\t\t\t\t\t\t<img fetchpriority=\"high\" decoding=\"async\" width=\"481\" height=\"129\" src=\"https:\/\/visualeurope.com\/wp-content\/uploads\/2024\/06\/Group-2.png\" class=\"attachment-full size-full wp-image-75\" alt=\"\" srcset=\"https:\/\/visualeurope.com\/wp-content\/uploads\/2024\/06\/Group-2.png 481w, https:\/\/visualeurope.com\/wp-content\/uploads\/2024\/06\/Group-2-300x80.png 300w\" sizes=\"(max-width: 481px) 100vw, 481px\" \/>\t\t\t\t\t\t\t\t\t\t\t\t\t<\/div>\n\t\t\t\t<\/div>\n\t\t\t\t<div class=\"elementor-element elementor-element-25472acd elementor-widget elementor-widget-heading\" data-id=\"25472acd\" data-element_type=\"widget\" data-widget_type=\"heading.default\">\n\t\t\t\t<div class=\"elementor-widget-container\">\n\t\t\t<h2 class=\"elementor-heading-title elementor-size-default\">C\u00e9ges rendezv\u00e9ny<\/h2>\t\t<\/div>\n\t\t\t\t<\/div>\n\t\t\t\t<div class=\"elementor-element elementor-element-186ff7aa elementor-widget elementor-widget-heading\" data-id=\"186ff7aa\" data-element_type=\"widget\" data-widget_type=\"heading.default\">\n\t\t\t\t<div class=\"elementor-widget-container\">\n\t\t\t<h2 class=\"elementor-heading-title elementor-size-default\">Nagy felbont\u00e1s\u00fa kijelz\u0151k, krist\u00e1lytiszta hangrendszerek \u00e9s interakt\u00edv technol\u00f3gia, mindez egyben, hogy professzion\u00e1lis megold\u00e1sokat ny\u00fajtsunk.<\/h2>\t\t<\/div>\n\t\t\t\t<\/div>\n\t\t\t\t<\/div>\n\t\t<div class=\"elementor-element elementor-element-5e71cc4f e-con-full e-flex e-con e-parent\" data-id=\"5e71cc4f\" data-element_type=\"container\" data-settings=\"{&quot;background_background&quot;:&quot;classic&quot;}\">\n\t\t<div class=\"elementor-element elementor-element-3474d8e5 e-con-full e-flex e-con e-child\" data-id=\"3474d8e5\" data-element_type=\"container\" data-settings=\"{&quot;background_background&quot;:&quot;classic&quot;}\">\n\t\t\t\t<div class=\"elementor-element elementor-element-5da2d395 elementor-widget elementor-widget-heading\" data-id=\"5da2d395\" data-element_type=\"widget\" data-widget_type=\"heading.default\">\n\t\t\t\t<div class=\"elementor-widget-container\">\n\t\t\t<h2 class=\"elementor-heading-title elementor-size-default\">A Munk\u00e1ink<\/h2>\t\t<\/div>\n\t\t\t\t<\/div>\n\t\t\t\t<\/div>\n\t\t\t\t<div class=\"elementor-element elementor-element-3afe55b8 elementor-widget elementor-widget-jet-listing-grid\" data-id=\"3afe55b8\" data-element_type=\"widget\" data-settings=\"{&quot;columns&quot;:&quot;4&quot;,&quot;columns_mobile&quot;:&quot;1&quot;}\" data-widget_type=\"jet-listing-grid.default\">\n\t\t\t\t<div class=\"elementor-widget-container\">\n\t\t\t<div class=\"jet-listing-grid jet-listing\"><div class=\"jet-listing-not-found jet-listing-grid__items\" data-nav=\"{&quot;enabled&quot;:true,&quot;type&quot;:&quot;click&quot;,&quot;more_el&quot;:&quot;#load-more-munkaink&quot;,&quot;query&quot;:{&quot;query_id&quot;:31},&quot;widget_settings&quot;:{&quot;lisitng_id&quot;:390,&quot;posts_num&quot;:8,&quot;columns&quot;:4,&quot;columns_tablet&quot;:4,&quot;columns_mobile&quot;:1,&quot;is_archive_template&quot;:&quot;&quot;,&quot;post_status&quot;:[&quot;publish&quot;],&quot;use_random_posts_num&quot;:&quot;&quot;,&quot;max_posts_num&quot;:9,&quot;not_found_message&quot;:&quot;Nem tal\\u00e1lhat\\u00f3 a keres\\u00e9snek megfelel\\u0151 tal\\u00e1lat&quot;,&quot;is_masonry&quot;:false,&quot;equal_columns_height&quot;:&quot;yes&quot;,&quot;use_load_more&quot;:&quot;yes&quot;,&quot;load_more_id&quot;:&quot;load-more-munkaink&quot;,&quot;load_more_type&quot;:&quot;click&quot;,&quot;load_more_offset&quot;:{&quot;unit&quot;:&quot;px&quot;,&quot;size&quot;:0,&quot;sizes&quot;:[]},&quot;use_custom_post_types&quot;:&quot;&quot;,&quot;custom_post_types&quot;:[],&quot;hide_widget_if&quot;:&quot;&quot;,&quot;carousel_enabled&quot;:&quot;&quot;,&quot;slides_to_scroll&quot;:&quot;1&quot;,&quot;arrows&quot;:&quot;true&quot;,&quot;arrow_icon&quot;:&quot;fa fa-angle-left&quot;,&quot;dots&quot;:&quot;&quot;,&quot;autoplay&quot;:&quot;true&quot;,&quot;pause_on_hover&quot;:&quot;true&quot;,&quot;autoplay_speed&quot;:5000,&quot;infinite&quot;:&quot;true&quot;,&quot;center_mode&quot;:&quot;&quot;,&quot;effect&quot;:&quot;slide&quot;,&quot;speed&quot;:500,&quot;inject_alternative_items&quot;:&quot;&quot;,&quot;injection_items&quot;:[{&quot;_id&quot;:&quot;add018a&quot;,&quot;item&quot;:&quot;269&quot;,&quot;item_num&quot;:1,&quot;item_colspan&quot;:&quot;2&quot;,&quot;start_from_first&quot;:&quot;yes&quot;,&quot;inject_once&quot;:&quot;yes&quot;}],&quot;scroll_slider_enabled&quot;:&quot;&quot;,&quot;scroll_slider_on&quot;:[&quot;desktop&quot;,&quot;tablet&quot;,&quot;mobile&quot;],&quot;custom_query&quot;:&quot;yes&quot;,&quot;custom_query_id&quot;:&quot;31&quot;,&quot;_element_id&quot;:&quot;&quot;}}\" data-queried-id=\"2228|WP_Post\">Nem tal\u00e1lhat\u00f3 a keres\u00e9snek megfelel\u0151 tal\u00e1lat<\/div><\/div>\t\t<\/div>\n\t\t\t\t<\/div>\n\t\t\t\t<\/div>\n\t\t<div class=\"elementor-element elementor-element-33a0e21a e-flex e-con-boxed e-con e-parent\" data-id=\"33a0e21a\" data-element_type=\"container\" data-settings=\"{&quot;background_background&quot;:&quot;classic&quot;}\">\n\t\t\t\t\t<div class=\"e-con-inner\">\n\t\t\t\t<div class=\"elementor-element elementor-element-203e8e08 elementor-widget__width-auto elementor-absolute elementor-widget elementor-widget-image\" data-id=\"203e8e08\" data-element_type=\"widget\" data-settings=\"{&quot;_position&quot;:&quot;absolute&quot;}\" data-widget_type=\"image.default\">\n\t\t\t\t<div class=\"elementor-widget-container\">\n\t\t\t\t\t\t\t\t\t\t\t\t\t<img decoding=\"async\" width=\"433\" height=\"116\" src=\"https:\/\/visualeurope.com\/wp-content\/uploads\/2024\/06\/Layer_1-3.png\" class=\"attachment-large size-large wp-image-864\" alt=\"\" srcset=\"https:\/\/visualeurope.com\/wp-content\/uploads\/2024\/06\/Layer_1-3.png 433w, https:\/\/visualeurope.com\/wp-content\/uploads\/2024\/06\/Layer_1-3-300x80.png 300w\" sizes=\"(max-width: 433px) 100vw, 433px\" \/>\t\t\t\t\t\t\t\t\t\t\t\t\t<\/div>\n\t\t\t\t<\/div>\n\t\t\t\t\t<\/div>\n\t\t\t\t<\/div>\n\t\t\t\t<\/div>\n\t\t","protected":false},"excerpt":{"rendered":"<p>C\u00e9ges rendezv\u00e9ny C\u00e9ges rendezv\u00e9ny Nagy felbont\u00e1s\u00fa kijelz\u0151k, krist\u00e1lytiszta hangrendszerek \u00e9s interakt\u00edv technol\u00f3gia, mindez egyben, hogy professzion\u00e1lis megold\u00e1sokat ny\u00fajtsunk. A Munk\u00e1ink Nem tal\u00e1lhat\u00f3 a keres\u00e9snek megfelel\u0151 tal\u00e1lat<\/p>\n","protected":false},"author":1,"featured_media":0,"parent":2226,"menu_order":0,"comment_status":"closed","ping_status":"closed","template":"elementor_header_footer","meta":{"footnotes":""},"rendszerintegracio-teruletek":[],"rendezveny-teruletek":[47],"rendszerintegracio-szolgaltataso":[],"rendezveny-szolgaltatasok":[],"class_list":["post-2228","page","type-page","status-publish","hentry","rendezveny-teruletek-ceges-rendezvenyek"],"_links":{"self":[{"href":"https:\/\/visualeurope.com\/hu\/wp-json\/wp\/v2\/pages\/2228","targetHints":{"allow":["GET"]}}],"collection":[{"href":"https:\/\/visualeurope.com\/hu\/wp-json\/wp\/v2\/pages"}],"about":[{"href":"https:\/\/visualeurope.com\/hu\/wp-json\/wp\/v2\/types\/page"}],"author":[{"embeddable":true,"href":"https:\/\/visualeurope.com\/hu\/wp-json\/wp\/v2\/users\/1"}],"replies":[{"embeddable":true,"href":"https:\/\/visualeurope.com\/hu\/wp-json\/wp\/v2\/comments?post=2228"}],"version-history":[{"count":6,"href":"https:\/\/visualeurope.com\/hu\/wp-json\/wp\/v2\/pages\/2228\/revisions"}],"predecessor-version":[{"id":9530,"href":"https:\/\/visualeurope.com\/hu\/wp-json\/wp\/v2\/pages\/2228\/revisions\/9530"}],"up":[{"embeddable":true,"href":"https:\/\/visualeurope.com\/hu\/wp-json\/wp\/v2\/pages\/2226"}],"wp:attachment":[{"href":"https:\/\/visualeurope.com\/hu\/wp-json\/wp\/v2\/media?parent=2228"}],"wp:term":[{"taxonomy":"rendszerintegracio-teruletek","embeddable":true,"href":"https:\/\/visualeurope.com\/hu\/wp-json\/wp\/v2\/rendszerintegracio-teruletek?post=2228"},{"taxonomy":"rendezveny-teruletek","embeddable":true,"href":"https:\/\/visualeurope.com\/hu\/wp-json\/wp\/v2\/rendezveny-teruletek?post=2228"},{"taxonomy":"rendszerintegracio-szolgaltataso","embeddable":true,"href":"https:\/\/visualeurope.com\/hu\/wp-json\/wp\/v2\/rendszerintegracio-szolgaltataso?post=2228"},{"taxonomy":"rendezveny-szolgaltatasok","embeddable":true,"href":"https:\/\/visualeurope.com\/hu\/wp-json\/wp\/v2\/rendezveny-szolgaltatasok?post=2228"}],"curies":[{"name":"wp","href":"https:\/\/api.w.org\/{rel}","templated":true}]}}