{"id":4178,"date":"2024-07-19T15:48:25","date_gmt":"2024-07-19T13:48:25","guid":{"rendered":"https:\/\/visualeurope.com\/?page_id=4178"},"modified":"2024-10-25T11:52:03","modified_gmt":"2024-10-25T09:52:03","slug":"teremvezerles","status":"publish","type":"page","link":"https:\/\/visualeurope.com\/hu\/rendszerintegracio\/rendszerintegracio-teruletek\/teremvezerles\/","title":{"rendered":"Teremvez\u00e9rl\u00e9s"},"content":{"rendered":"\t\t<div data-elementor-type=\"wp-page\" data-elementor-id=\"4178\" class=\"elementor elementor-4178\" data-elementor-post-type=\"page\">\n\t\t\t\t<div class=\"elementor-element elementor-element-445388 e-con-full e-flex e-con e-parent\" data-id=\"445388\" data-element_type=\"container\" data-settings=\"{&quot;background_background&quot;:&quot;video&quot;,&quot;background_play_on_mobile&quot;:&quot;yes&quot;}\">\n\t\t\t\t<div class=\"elementor-element elementor-element-4478733e elementor-widget elementor-widget-heading\" data-id=\"4478733e\" data-element_type=\"widget\" data-widget_type=\"heading.default\">\n\t\t\t\t<div class=\"elementor-widget-container\">\n\t\t\t<h2 class=\"elementor-heading-title elementor-size-default\">Teremvez\u00e9rl\u00e9s<\/h2>\t\t<\/div>\n\t\t\t\t<\/div>\n\t\t\t\t<\/div>\n\t\t<div class=\"elementor-element elementor-element-230bacbb e-con-full e-flex e-con e-parent\" data-id=\"230bacbb\" data-element_type=\"container\" data-settings=\"{&quot;background_background&quot;:&quot;classic&quot;}\">\n\t\t\t\t<div class=\"elementor-element elementor-element-af20e7a elementor-nav-menu__align-justify elementor-nav-menu--dropdown-tablet elementor-nav-menu__text-align-aside elementor-nav-menu--toggle elementor-nav-menu--burger elementor-widget elementor-widget-nav-menu\" data-id=\"af20e7a\" data-element_type=\"widget\" data-settings=\"{&quot;submenu_icon&quot;:{&quot;value&quot;:&quot;&lt;i class=\\&quot;\\&quot;&gt;&lt;\\\/i&gt;&quot;,&quot;library&quot;:&quot;&quot;},&quot;layout&quot;:&quot;horizontal&quot;,&quot;toggle&quot;:&quot;burger&quot;}\" data-widget_type=\"nav-menu.default\">\n\t\t\t\t<div class=\"elementor-widget-container\">\n\t\t\t\t\t\t<nav aria-label=\"Men\u00fc\" class=\"elementor-nav-menu--main elementor-nav-menu__container elementor-nav-menu--layout-horizontal e--pointer-underline e--animation-fade\">\n\t\t\t\t<ul id=\"menu-1-af20e7a\" class=\"elementor-nav-menu\"><li class=\"menu-item menu-item-type-post_type menu-item-object-page menu-item-4970\"><a href=\"https:\/\/visualeurope.com\/hu\/rendszerintegracio\/rendszerintegracio-teruletek\/videokonferencia\/\" class=\"elementor-item\">Vide\u00f3konferencia<\/a><\/li>\n<li class=\"menu-item menu-item-type-post_type menu-item-object-page menu-item-4971\"><a href=\"https:\/\/visualeurope.com\/hu\/rendszerintegracio\/rendszerintegracio-teruletek\/teremfoglaltsag-kijelzes\/\" class=\"elementor-item\">Teremfoglalts\u00e1g kijelz\u00e9s<\/a><\/li>\n<li class=\"menu-item menu-item-type-post_type menu-item-object-page menu-item-4972\"><a href=\"https:\/\/visualeurope.com\/hu\/rendszerintegracio\/rendszerintegracio-teruletek\/teremvezerles\/\" class=\"elementor-item\">Teremvez\u00e9rl\u00e9s<\/a><\/li>\n<li class=\"menu-item menu-item-type-post_type menu-item-object-page menu-item-2298\"><a href=\"https:\/\/visualeurope.com\/hu\/rendszerintegracio\/rendszerintegracio-teruletek\/digital-signage\/\" class=\"elementor-item\">Digital signage<\/a><\/li>\n<li class=\"menu-item menu-item-type-post_type menu-item-object-page menu-item-2302\"><a href=\"https:\/\/visualeurope.com\/hu\/rendszerintegracio\/rendszerintegracio-teruletek\/studiotechnika\/\" class=\"elementor-item\">St\u00fadi\u00f3technika<\/a><\/li>\n<li class=\"menu-item menu-item-type-post_type menu-item-object-page menu-item-2300\"><a href=\"https:\/\/visualeurope.com\/hu\/rendszerintegracio\/rendszerintegracio-teruletek\/hotel-tv\/\" class=\"elementor-item\">Hotel tv<\/a><\/li>\n<li class=\"menu-item menu-item-type-post_type menu-item-object-page menu-item-4973\"><a href=\"https:\/\/visualeurope.com\/hu\/rendszerintegracio\/rendszerintegracio-teruletek\/epulethangositas\/\" class=\"elementor-item\">\u00c9p\u00fclethangos\u00edt\u00e1s<\/a><\/li>\n<li class=\"menu-item menu-item-type-post_type menu-item-object-page menu-item-4974\"><a href=\"https:\/\/visualeurope.com\/hu\/rendszerintegracio\/rendszerintegracio-teruletek\/epuletfelugyelet\/\" class=\"elementor-item\">\u00c9p\u00fcletfel\u00fcgyelet<\/a><\/li>\n<li class=\"menu-item menu-item-type-post_type menu-item-object-page menu-item-3892\"><a href=\"https:\/\/visualeurope.com\/hu\/rendszerintegracio\/rendszerintegracio-teruletek\/parkolastechnika\/\" class=\"elementor-item\">Parkol\u00e1stechnika<\/a><\/li>\n<li class=\"menu-item menu-item-type-post_type menu-item-object-page menu-item-3893\"><a href=\"https:\/\/visualeurope.com\/hu\/rendszerintegracio\/rendszerintegracio-teruletek\/co-jelzorendszer\/\" class=\"elementor-item\">CO jelz\u0151rendszer<\/a><\/li>\n<li class=\"menu-item menu-item-type-post_type menu-item-object-page menu-item-3894\"><a href=\"https:\/\/visualeurope.com\/hu\/rendszerintegracio\/rendszerintegracio-teruletek\/aktiv-passziv-halozat\/\" class=\"elementor-item\">Akt\u00edv, passz\u00edv h\u00e1l\u00f3zat<\/a><\/li>\n<li class=\"menu-item menu-item-type-post_type menu-item-object-page menu-item-3896\"><a href=\"https:\/\/visualeurope.com\/hu\/rendszerintegracio\/rendszerintegracio-teruletek\/it-infrastruktura\/\" class=\"elementor-item\">IT infrastrukt\u00fara<\/a><\/li>\n<\/ul>\t\t\t<\/nav>\n\t\t\t\t\t<div class=\"elementor-menu-toggle\" role=\"button\" tabindex=\"0\" aria-label=\"Men\u00fc kapcsol\u00f3\" aria-expanded=\"false\">\n\t\t\t<svg aria-hidden=\"true\" role=\"presentation\" class=\"elementor-menu-toggle__icon--open e-font-icon-svg e-eicon-menu-bar\" viewBox=\"0 0 1000 1000\" xmlns=\"http:\/\/www.w3.org\/2000\/svg\"><path d=\"M104 333H896C929 333 958 304 958 271S929 208 896 208H104C71 208 42 237 42 271S71 333 104 333ZM104 583H896C929 583 958 554 958 521S929 458 896 458H104C71 458 42 487 42 521S71 583 104 583ZM104 833H896C929 833 958 804 958 771S929 708 896 708H104C71 708 42 737 42 771S71 833 104 833Z\"><\/path><\/svg><svg aria-hidden=\"true\" role=\"presentation\" class=\"elementor-menu-toggle__icon--close e-font-icon-svg e-eicon-close\" viewBox=\"0 0 1000 1000\" xmlns=\"http:\/\/www.w3.org\/2000\/svg\"><path d=\"M742 167L500 408 258 167C246 154 233 150 217 150 196 150 179 158 167 167 154 179 150 196 150 212 150 229 154 242 171 254L408 500 167 742C138 771 138 800 167 829 196 858 225 858 254 829L496 587 738 829C750 842 767 846 783 846 800 846 817 842 829 829 842 817 846 804 846 783 846 767 842 750 829 737L588 500 833 258C863 229 863 200 833 171 804 137 775 137 742 167Z\"><\/path><\/svg>\t\t\t<span class=\"elementor-screen-only\">Men\u00fc<\/span>\n\t\t<\/div>\n\t\t\t\t\t<nav class=\"elementor-nav-menu--dropdown elementor-nav-menu__container\" aria-hidden=\"true\">\n\t\t\t\t<ul id=\"menu-2-af20e7a\" class=\"elementor-nav-menu\"><li class=\"menu-item menu-item-type-post_type menu-item-object-page menu-item-4970\"><a href=\"https:\/\/visualeurope.com\/hu\/rendszerintegracio\/rendszerintegracio-teruletek\/videokonferencia\/\" class=\"elementor-item\" tabindex=\"-1\">Vide\u00f3konferencia<\/a><\/li>\n<li class=\"menu-item menu-item-type-post_type menu-item-object-page menu-item-4971\"><a href=\"https:\/\/visualeurope.com\/hu\/rendszerintegracio\/rendszerintegracio-teruletek\/teremfoglaltsag-kijelzes\/\" class=\"elementor-item\" tabindex=\"-1\">Teremfoglalts\u00e1g kijelz\u00e9s<\/a><\/li>\n<li class=\"menu-item menu-item-type-post_type menu-item-object-page menu-item-4972\"><a href=\"https:\/\/visualeurope.com\/hu\/rendszerintegracio\/rendszerintegracio-teruletek\/teremvezerles\/\" class=\"elementor-item\" tabindex=\"-1\">Teremvez\u00e9rl\u00e9s<\/a><\/li>\n<li class=\"menu-item menu-item-type-post_type menu-item-object-page menu-item-2298\"><a href=\"https:\/\/visualeurope.com\/hu\/rendszerintegracio\/rendszerintegracio-teruletek\/digital-signage\/\" class=\"elementor-item\" tabindex=\"-1\">Digital signage<\/a><\/li>\n<li class=\"menu-item menu-item-type-post_type menu-item-object-page menu-item-2302\"><a href=\"https:\/\/visualeurope.com\/hu\/rendszerintegracio\/rendszerintegracio-teruletek\/studiotechnika\/\" class=\"elementor-item\" tabindex=\"-1\">St\u00fadi\u00f3technika<\/a><\/li>\n<li class=\"menu-item menu-item-type-post_type menu-item-object-page menu-item-2300\"><a href=\"https:\/\/visualeurope.com\/hu\/rendszerintegracio\/rendszerintegracio-teruletek\/hotel-tv\/\" class=\"elementor-item\" tabindex=\"-1\">Hotel tv<\/a><\/li>\n<li class=\"menu-item menu-item-type-post_type menu-item-object-page menu-item-4973\"><a href=\"https:\/\/visualeurope.com\/hu\/rendszerintegracio\/rendszerintegracio-teruletek\/epulethangositas\/\" class=\"elementor-item\" tabindex=\"-1\">\u00c9p\u00fclethangos\u00edt\u00e1s<\/a><\/li>\n<li class=\"menu-item menu-item-type-post_type menu-item-object-page menu-item-4974\"><a href=\"https:\/\/visualeurope.com\/hu\/rendszerintegracio\/rendszerintegracio-teruletek\/epuletfelugyelet\/\" class=\"elementor-item\" tabindex=\"-1\">\u00c9p\u00fcletfel\u00fcgyelet<\/a><\/li>\n<li class=\"menu-item menu-item-type-post_type menu-item-object-page menu-item-3892\"><a href=\"https:\/\/visualeurope.com\/hu\/rendszerintegracio\/rendszerintegracio-teruletek\/parkolastechnika\/\" class=\"elementor-item\" tabindex=\"-1\">Parkol\u00e1stechnika<\/a><\/li>\n<li class=\"menu-item menu-item-type-post_type menu-item-object-page menu-item-3893\"><a href=\"https:\/\/visualeurope.com\/hu\/rendszerintegracio\/rendszerintegracio-teruletek\/co-jelzorendszer\/\" class=\"elementor-item\" tabindex=\"-1\">CO jelz\u0151rendszer<\/a><\/li>\n<li class=\"menu-item menu-item-type-post_type menu-item-object-page menu-item-3894\"><a href=\"https:\/\/visualeurope.com\/hu\/rendszerintegracio\/rendszerintegracio-teruletek\/aktiv-passziv-halozat\/\" class=\"elementor-item\" tabindex=\"-1\">Akt\u00edv, passz\u00edv h\u00e1l\u00f3zat<\/a><\/li>\n<li class=\"menu-item menu-item-type-post_type menu-item-object-page menu-item-3896\"><a href=\"https:\/\/visualeurope.com\/hu\/rendszerintegracio\/rendszerintegracio-teruletek\/it-infrastruktura\/\" class=\"elementor-item\" tabindex=\"-1\">IT infrastrukt\u00fara<\/a><\/li>\n<\/ul>\t\t\t<\/nav>\n\t\t\t\t<\/div>\n\t\t\t\t<\/div>\n\t\t\t\t<\/div>\n\t\t<div class=\"elementor-element elementor-element-26d8b985 e-con-full e-flex e-con e-parent\" data-id=\"26d8b985\" data-element_type=\"container\" data-settings=\"{&quot;background_background&quot;:&quot;classic&quot;}\">\n\t\t\t\t<div class=\"elementor-element elementor-element-5b54331c elementor-absolute elementor-widget elementor-widget-image\" data-id=\"5b54331c\" data-element_type=\"widget\" data-settings=\"{&quot;_position&quot;:&quot;absolute&quot;}\" data-widget_type=\"image.default\">\n\t\t\t\t<div class=\"elementor-widget-container\">\n\t\t\t\t\t\t\t\t\t\t\t\t\t<img fetchpriority=\"high\" decoding=\"async\" width=\"481\" height=\"129\" src=\"https:\/\/visualeurope.com\/wp-content\/uploads\/2024\/06\/Group-2.png\" class=\"attachment-full size-full wp-image-75\" alt=\"\" srcset=\"https:\/\/visualeurope.com\/wp-content\/uploads\/2024\/06\/Group-2.png 481w, https:\/\/visualeurope.com\/wp-content\/uploads\/2024\/06\/Group-2-300x80.png 300w\" sizes=\"(max-width: 481px) 100vw, 481px\" \/>\t\t\t\t\t\t\t\t\t\t\t\t\t<\/div>\n\t\t\t\t<\/div>\n\t\t\t\t<div class=\"elementor-element elementor-element-1243d656 elementor-widget elementor-widget-heading\" data-id=\"1243d656\" data-element_type=\"widget\" data-widget_type=\"heading.default\">\n\t\t\t\t<div class=\"elementor-widget-container\">\n\t\t\t<h2 class=\"elementor-heading-title elementor-size-default\">Teremvez\u00e9rl\u00e9s<\/h2>\t\t<\/div>\n\t\t\t\t<\/div>\n\t\t\t\t<div class=\"elementor-element elementor-element-3f87b290 elementor-widget elementor-widget-heading\" data-id=\"3f87b290\" data-element_type=\"widget\" data-widget_type=\"heading.default\">\n\t\t\t\t<div class=\"elementor-widget-container\">\n\t\t\t<h2 class=\"elementor-heading-title elementor-size-default\">\u00dczleti k\u00f6rnyezetben megtal\u00e1lhat\u00f3 AV \u00e9s g\u00e9p\u00e9szeti rendszerek\nvez\u00e9rl\u00e9se vezet\u00e9k, vagy vezet\u00e9k n\u00e9lk\u00fcli megold\u00e1ssal, illetve\nintegr\u00e1l\u00e1sa egy k\u00f6z\u00f6s fel\u00fcletet biztos\u00edt\u00f3 rendszerbe magas min\u0151s\u00edt\u00e9s\u0171 programoz\u00f3i h\u00e1tt\u00e9rrel.\n\nGy\u00e1rt\u00f3: Crestron, Control4, RTI, Extron<\/h2>\t\t<\/div>\n\t\t\t\t<\/div>\n\t\t\t\t<\/div>\n\t\t<div class=\"elementor-element elementor-element-7187b644 e-con-full e-flex e-con e-parent\" data-id=\"7187b644\" data-element_type=\"container\" data-settings=\"{&quot;background_background&quot;:&quot;classic&quot;}\">\n\t\t<div class=\"elementor-element elementor-element-7dda5d8 e-con-full e-flex e-con e-child\" data-id=\"7dda5d8\" data-element_type=\"container\" data-settings=\"{&quot;background_background&quot;:&quot;classic&quot;}\">\n\t\t\t\t<div class=\"elementor-element elementor-element-fbea7c elementor-widget elementor-widget-heading\" data-id=\"fbea7c\" data-element_type=\"widget\" data-widget_type=\"heading.default\">\n\t\t\t\t<div class=\"elementor-widget-container\">\n\t\t\t<h2 class=\"elementor-heading-title elementor-size-default\">A Munk\u00e1ink<\/h2>\t\t<\/div>\n\t\t\t\t<\/div>\n\t\t\t\t<\/div>\n\t\t\t\t<div class=\"elementor-element elementor-element-192d4641 elementor-widget elementor-widget-jet-listing-grid\" data-id=\"192d4641\" data-element_type=\"widget\" data-settings=\"{&quot;columns&quot;:&quot;4&quot;,&quot;columns_mobile&quot;:&quot;1&quot;}\" data-widget_type=\"jet-listing-grid.default\">\n\t\t\t\t<div class=\"elementor-widget-container\">\n\t\t\t<div class=\"jet-listing-grid jet-listing\"><div class=\"jet-listing-grid__items grid-col-desk-4 grid-col-tablet-4 grid-col-mobile-1 jet-listing-grid--390 jet-equal-columns__wrapper\" data-queried-id=\"4178|WP_Post\" data-nav=\"{&quot;enabled&quot;:true,&quot;type&quot;:&quot;click&quot;,&quot;more_el&quot;:&quot;#load-more-munkaink&quot;,&quot;query&quot;:{&quot;query_id&quot;:34},&quot;widget_settings&quot;:{&quot;lisitng_id&quot;:390,&quot;posts_num&quot;:8,&quot;columns&quot;:4,&quot;columns_tablet&quot;:4,&quot;columns_mobile&quot;:1,&quot;is_archive_template&quot;:&quot;&quot;,&quot;post_status&quot;:[&quot;publish&quot;],&quot;use_random_posts_num&quot;:&quot;&quot;,&quot;max_posts_num&quot;:9,&quot;not_found_message&quot;:&quot;Nem tal\\u00e1lhat\\u00f3 a keres\\u00e9snek megfelel\\u0151 tal\\u00e1lat&quot;,&quot;is_masonry&quot;:false,&quot;equal_columns_height&quot;:&quot;yes&quot;,&quot;use_load_more&quot;:&quot;yes&quot;,&quot;load_more_id&quot;:&quot;load-more-munkaink&quot;,&quot;load_more_type&quot;:&quot;click&quot;,&quot;load_more_offset&quot;:{&quot;unit&quot;:&quot;px&quot;,&quot;size&quot;:0,&quot;sizes&quot;:[]},&quot;use_custom_post_types&quot;:&quot;&quot;,&quot;custom_post_types&quot;:[],&quot;hide_widget_if&quot;:&quot;&quot;,&quot;carousel_enabled&quot;:&quot;&quot;,&quot;slides_to_scroll&quot;:&quot;1&quot;,&quot;arrows&quot;:&quot;true&quot;,&quot;arrow_icon&quot;:&quot;fa fa-angle-left&quot;,&quot;dots&quot;:&quot;&quot;,&quot;autoplay&quot;:&quot;true&quot;,&quot;pause_on_hover&quot;:&quot;true&quot;,&quot;autoplay_speed&quot;:5000,&quot;infinite&quot;:&quot;true&quot;,&quot;center_mode&quot;:&quot;&quot;,&quot;effect&quot;:&quot;slide&quot;,&quot;speed&quot;:500,&quot;inject_alternative_items&quot;:&quot;&quot;,&quot;injection_items&quot;:[{&quot;_id&quot;:&quot;add018a&quot;,&quot;item&quot;:&quot;269&quot;,&quot;item_num&quot;:1,&quot;item_colspan&quot;:&quot;2&quot;,&quot;start_from_first&quot;:&quot;yes&quot;,&quot;inject_once&quot;:&quot;yes&quot;}],&quot;scroll_slider_enabled&quot;:&quot;&quot;,&quot;scroll_slider_on&quot;:[&quot;desktop&quot;,&quot;tablet&quot;,&quot;mobile&quot;],&quot;custom_query&quot;:&quot;yes&quot;,&quot;custom_query_id&quot;:&quot;34&quot;,&quot;_element_id&quot;:&quot;&quot;}}\" data-page=\"1\" data-pages=\"1\" data-listing-source=\"query\" data-listing-id=\"390\" data-query-id=\"34\"><div class=\"jet-listing-grid__item jet-listing-dynamic-post-3620 jet-equal-columns\" data-post-id=\"3620\" ><style type=\"text\/css\">.jet-listing-dynamic-post-3620 .elementor-element.elementor-element-e7dd3c8:not(.elementor-motion-effects-element-type-background), .jet-listing-dynamic-post-3620 .elementor-element.elementor-element-e7dd3c8 > .elementor-motion-effects-container > .elementor-motion-effects-layer{background-image:url(\"https:\/\/visualeurope.com\/wp-content\/uploads\/2024\/07\/ceu-1-1-1-scaled.jpg\");}<\/style><div class=\"jet-engine-listing-overlay-wrap\" data-url=\"https:\/\/visualeurope.com\/hu\/munkaink\/ceu\/\">\t\t<div data-elementor-type=\"jet-listing-items\" data-elementor-id=\"390\" class=\"elementor elementor-390\" data-elementor-post-type=\"jet-engine\">\n\t\t\t\t<div class=\"elementor-element elementor-element-e7dd3c8 e-con-full munkaink-container e-flex e-con e-parent\" data-id=\"e7dd3c8\" data-element_type=\"container\" data-settings=\"{&quot;background_background&quot;:&quot;classic&quot;}\">\n\t\t\t\t<div class=\"elementor-element elementor-element-8f564b5 elementor-widget elementor-widget-html\" data-id=\"8f564b5\" data-element_type=\"widget\" data-widget_type=\"html.default\">\n\t\t\t\t<div class=\"elementor-widget-container\">\n\t\t\t<script>\r\nwindow.addEventListener('load', function () {\r\n    \r\nconst elements = document.querySelectorAll('.munkaink-container');\r\n\r\nconst videos = document.querySelectorAll('.munkaink-container video');\r\n\r\nvideos.forEach(v => {\r\n    v.setAttribute('playsinline', ''); \r\n});\r\n\r\nelements.forEach(element => {\r\n    var player;\r\n    element.addEventListener('mouseenter', () => {\r\n        player = element.querySelector(\"video\");\r\n        player.play();\r\n    });\r\n    \r\n    element.addEventListener('touchstart', () => {\r\n        player = element.querySelector(\"video\");\r\n        player.play();\r\n    });\r\n    \r\n    element.addEventListener('mouseleave', () => {\r\n        player.pause();\r\n    });\r\n    element.addEventListener('touchcancel', () => {\r\n        player.pause();\r\n    });\r\n    element.addEventListener('touchend', () => {\r\n        player.pause();\r\n    });\r\n});\r\n\r\n})\r\n<\/script>\t\t<\/div>\n\t\t\t\t<\/div>\n\t\t<div class=\"elementor-element elementor-element-f980947 e-flex e-con-boxed e-con e-child\" data-id=\"f980947\" data-element_type=\"container\">\n\t\t\t\t\t<div class=\"e-con-inner\">\n\t\t\t\t<div class=\"elementor-element elementor-element-fb02969 hover-text elementor-widget elementor-widget-heading\" data-id=\"fb02969\" data-element_type=\"widget\" data-widget_type=\"heading.default\">\n\t\t\t\t<div class=\"elementor-widget-container\">\n\t\t\t<h2 class=\"elementor-heading-title elementor-size-default\"><a href=\"https:\/\/visualeurope.com\/hu\/munkaink\/ceu\/\">CEU<\/a><\/h2>\t\t<\/div>\n\t\t\t\t<\/div>\n\t\t\t\t<div class=\"elementor-element elementor-element-08d7121 hover-text elementor-widget elementor-widget-heading\" data-id=\"08d7121\" data-element_type=\"widget\" data-widget_type=\"heading.default\">\n\t\t\t\t<div class=\"elementor-widget-container\">\n\t\t\t<h2 class=\"elementor-heading-title elementor-size-default\">CEU\n- a teljes audiovizu\u00e1lis rendszer ki\u00e9p\u00edt\u00e9se 5000 eszk\u00f6zzel\n- \u00e9p\u00fcletg\u00e9p\u00e9szeti rendszer integr\u00e1l\u00e1sa\n- interakt\u00edv t\u00e1bl\u00e1k, vezet\u00e9k n\u00e9lk\u00fcli\nk\u00e9pmegoszt\u00f3 rendszer\n- vide\u00f3konferencia- \u00e9s vide\u00f3r\u00f6gz\u00edt\u0151 rendszer<\/h2>\t\t<\/div>\n\t\t\t\t<\/div>\n\t\t\t\t<div class=\"elementor-element elementor-element-a0ace8a hover-text elementor-widget elementor-widget-heading\" data-id=\"a0ace8a\" data-element_type=\"widget\" data-widget_type=\"heading.default\">\n\t\t\t\t<div class=\"elementor-widget-container\">\n\t\t\t<h2 class=\"elementor-heading-title elementor-size-default\">2024.07.15. <span class=\"hidden\">h\u00e9tf\u0151<\/span><\/h2>\t\t<\/div>\n\t\t\t\t<\/div>\n\t\t\t\t\t<\/div>\n\t\t\t\t<\/div>\n\t\t\t\t<\/div>\n\t\t\t\t<\/div>\n\t\t<a href=\"https:\/\/visualeurope.com\/hu\/munkaink\/ceu\/\" class=\"jet-engine-listing-overlay-link\"><\/a><\/div><\/div><\/div><\/div>\t\t<\/div>\n\t\t\t\t<\/div>\n\t\t\t\t<\/div>\n\t\t<div class=\"elementor-element elementor-element-6d78b823 e-flex e-con-boxed e-con e-parent\" data-id=\"6d78b823\" data-element_type=\"container\" data-settings=\"{&quot;background_background&quot;:&quot;classic&quot;}\">\n\t\t\t\t\t<div class=\"e-con-inner\">\n\t\t\t\t<div class=\"elementor-element elementor-element-36ff1119 elementor-widget__width-auto elementor-absolute elementor-widget elementor-widget-image\" data-id=\"36ff1119\" data-element_type=\"widget\" data-settings=\"{&quot;_position&quot;:&quot;absolute&quot;}\" data-widget_type=\"image.default\">\n\t\t\t\t<div class=\"elementor-widget-container\">\n\t\t\t\t\t\t\t\t\t\t\t\t\t<img decoding=\"async\" width=\"433\" height=\"116\" src=\"https:\/\/visualeurope.com\/wp-content\/uploads\/2024\/06\/Layer_1-3.png\" class=\"attachment-large size-large wp-image-864\" alt=\"\" srcset=\"https:\/\/visualeurope.com\/wp-content\/uploads\/2024\/06\/Layer_1-3.png 433w, https:\/\/visualeurope.com\/wp-content\/uploads\/2024\/06\/Layer_1-3-300x80.png 300w\" sizes=\"(max-width: 433px) 100vw, 433px\" \/>\t\t\t\t\t\t\t\t\t\t\t\t\t<\/div>\n\t\t\t\t<\/div>\n\t\t\t\t\t<\/div>\n\t\t\t\t<\/div>\n\t\t\t\t<\/div>\n\t\t","protected":false},"excerpt":{"rendered":"<p>Teremvez\u00e9rl\u00e9s Teremvez\u00e9rl\u00e9s \u00dczleti k\u00f6rnyezetben megtal\u00e1lhat\u00f3 AV \u00e9s g\u00e9p\u00e9szeti rendszerek vez\u00e9rl\u00e9se vezet\u00e9k, vagy vezet\u00e9k n\u00e9lk\u00fcli megold\u00e1ssal, illetve integr\u00e1l\u00e1sa egy k\u00f6z\u00f6s fel\u00fcletet biztos\u00edt\u00f3 rendszerbe magas min\u0151s\u00edt\u00e9s\u0171 programoz\u00f3i h\u00e1tt\u00e9rrel. Gy\u00e1rt\u00f3: Crestron, Control4, RTI, Extron A Munk\u00e1ink Nem tal\u00e1lhat\u00f3 a keres\u00e9snek megfelel\u0151 tal\u00e1lat<\/p>\n","protected":false},"author":3,"featured_media":0,"parent":2266,"menu_order":0,"comment_status":"closed","ping_status":"closed","template":"elementor_header_footer","meta":{"footnotes":""},"rendszerintegracio-teruletek":[230],"rendezveny-teruletek":[],"rendszerintegracio-szolgaltataso":[],"rendezveny-szolgaltatasok":[],"class_list":["post-4178","page","type-page","status-publish","hentry","rendszerintegracio-teruletek-teremvezerles"],"_links":{"self":[{"href":"https:\/\/visualeurope.com\/hu\/wp-json\/wp\/v2\/pages\/4178","targetHints":{"allow":["GET"]}}],"collection":[{"href":"https:\/\/visualeurope.com\/hu\/wp-json\/wp\/v2\/pages"}],"about":[{"href":"https:\/\/visualeurope.com\/hu\/wp-json\/wp\/v2\/types\/page"}],"author":[{"embeddable":true,"href":"https:\/\/visualeurope.com\/hu\/wp-json\/wp\/v2\/users\/3"}],"replies":[{"embeddable":true,"href":"https:\/\/visualeurope.com\/hu\/wp-json\/wp\/v2\/comments?post=4178"}],"version-history":[{"count":12,"href":"https:\/\/visualeurope.com\/hu\/wp-json\/wp\/v2\/pages\/4178\/revisions"}],"predecessor-version":[{"id":9575,"href":"https:\/\/visualeurope.com\/hu\/wp-json\/wp\/v2\/pages\/4178\/revisions\/9575"}],"up":[{"embeddable":true,"href":"https:\/\/visualeurope.com\/hu\/wp-json\/wp\/v2\/pages\/2266"}],"wp:attachment":[{"href":"https:\/\/visualeurope.com\/hu\/wp-json\/wp\/v2\/media?parent=4178"}],"wp:term":[{"taxonomy":"rendszerintegracio-teruletek","embeddable":true,"href":"https:\/\/visualeurope.com\/hu\/wp-json\/wp\/v2\/rendszerintegracio-teruletek?post=4178"},{"taxonomy":"rendezveny-teruletek","embeddable":true,"href":"https:\/\/visualeurope.com\/hu\/wp-json\/wp\/v2\/rendezveny-teruletek?post=4178"},{"taxonomy":"rendszerintegracio-szolgaltataso","embeddable":true,"href":"https:\/\/visualeurope.com\/hu\/wp-json\/wp\/v2\/rendszerintegracio-szolgaltataso?post=4178"},{"taxonomy":"rendezveny-szolgaltatasok","embeddable":true,"href":"https:\/\/visualeurope.com\/hu\/wp-json\/wp\/v2\/rendezveny-szolgaltatasok?post=4178"}],"curies":[{"name":"wp","href":"https:\/\/api.w.org\/{rel}","templated":true}]}}