{"id":7337,"date":"2024-08-12T08:47:49","date_gmt":"2024-08-12T06:47:49","guid":{"rendered":"https:\/\/visualeurope.com\/astera-tabortuz-2\/"},"modified":"2024-10-25T11:22:51","modified_gmt":"2024-10-25T09:22:51","slug":"astera-tabortuz-2","status":"publish","type":"page","link":"https:\/\/visualeurope.com\/hu\/astera-tabortuz-2\/","title":{"rendered":"Belt\u00e9ri rep\u00fcl\u0151 eszk\u00f6z\u00f6k"},"content":{"rendered":"\t\t<div data-elementor-type=\"wp-page\" data-elementor-id=\"7337\" class=\"elementor elementor-7337\" data-elementor-post-type=\"page\">\n\t\t\t\t<div class=\"elementor-element elementor-element-5615b8a e-con-full e-flex e-con e-parent\" data-id=\"5615b8a\" data-element_type=\"container\" data-settings=\"{&quot;background_background&quot;:&quot;classic&quot;}\">\n\t\t\t\t<div class=\"elementor-element elementor-element-c9aaffe elementor-widget elementor-widget-heading\" data-id=\"c9aaffe\" data-element_type=\"widget\" data-widget_type=\"heading.default\">\n\t\t\t\t<div class=\"elementor-widget-container\">\n\t\t\t<h2 class=\"elementor-heading-title elementor-size-default\">Belt\u00e9ri rep\u00fcl\u0151 eszk\u00f6z\u00f6k<\/h2>\t\t<\/div>\n\t\t\t\t<\/div>\n\t\t\t\t<\/div>\n\t\t<div class=\"elementor-element elementor-element-113ee30 e-con-full e-flex e-con e-parent\" data-id=\"113ee30\" data-element_type=\"container\" data-settings=\"{&quot;background_background&quot;:&quot;classic&quot;}\">\n\t\t<div class=\"elementor-element elementor-element-a6a0687 e-con-full e-flex e-con e-child\" data-id=\"a6a0687\" data-element_type=\"container\" data-settings=\"{&quot;background_background&quot;:&quot;classic&quot;}\">\n\t\t\t\t<div class=\"elementor-element elementor-element-f4d9869 elementor-widget elementor-widget-heading\" data-id=\"f4d9869\" data-element_type=\"widget\" data-widget_type=\"heading.default\">\n\t\t\t\t<div class=\"elementor-widget-container\">\n\t\t\t<h2 class=\"elementor-heading-title elementor-size-default\">Brandingelhet\u0151 rep\u00fcl\u0151 eszk\u00f6zeink 5-6 m\u00e9ter hossz\u00faak, \u00e9s t\u00f6k\u00e9letesek nagyobb belt\u00e9ri rendezv\u00e9nyekhez.<\/h2>\t\t<\/div>\n\t\t\t\t<\/div>\n\t\t\t\t<div class=\"elementor-element elementor-element-7e04e29 elementor-widget elementor-widget-text-editor\" data-id=\"7e04e29\" data-element_type=\"widget\" data-widget_type=\"text-editor.default\">\n\t\t\t\t<div class=\"elementor-widget-container\">\n\t\t\t\t\t\t\t<p>Szak\u00e9rt\u0151 pil\u00f3t\u00e1ink biztons\u00e1gosan ir\u00e1ny\u00edtj\u00e1k \u0151ket, l\u00e1tv\u00e1nyos \u00e9s eml\u00e9kezetes vizu\u00e1lis \u00e9lm\u00e9nyeket teremtve. Bemutatjuk brandingelhet\u0151 rep\u00fcl\u0151 eszk\u00f6zeinket, melyeket kifejezetten a nagy belt\u00e9ri rendezv\u00e9nyekre tervezt\u00fcnk. Ezek a leny\u0171g\u00f6z\u0151, 5-6 m\u00e9ter hossz\u00fa eszk\u00f6z\u00f6k szak\u00e9rt\u0151 pil\u00f3t\u00e1ink \u00e1ltal biztons\u00e1gosan ir\u00e1ny\u00edthat\u00f3k, leny\u0171g\u00f6z\u0151 l\u00e1tv\u00e1nyt ny\u00fajtanak. Figyelemfelkelt\u0151ek, bevonj\u00e1k a k\u00f6z\u00f6ns\u00e9get, \u00e9s felejthetetlen \u00e9lm\u00e9nyeket adnak.<\/p>\t\t\t\t\t\t<\/div>\n\t\t\t\t<\/div>\n\t\t\t\t<\/div>\n\t\t\t\t<div class=\"elementor-element elementor-element-09557b7 elementor-widget__width-auto elementor-absolute elementor-widget elementor-widget-image\" data-id=\"09557b7\" data-element_type=\"widget\" data-settings=\"{&quot;_position&quot;:&quot;absolute&quot;}\" data-widget_type=\"image.default\">\n\t\t\t\t<div class=\"elementor-widget-container\">\n\t\t\t\t\t\t\t\t\t\t\t\t\t<img decoding=\"async\" width=\"201\" height=\"173\" src=\"https:\/\/visualeurope.com\/wp-content\/uploads\/2024\/06\/Layer_1-4.png\" class=\"attachment-large size-large wp-image-1296\" alt=\"\" \/>\t\t\t\t\t\t\t\t\t\t\t\t\t<\/div>\n\t\t\t\t<\/div>\n\t\t\t\t<div class=\"elementor-element elementor-element-353854d elementor-absolute elementor-widget elementor-widget-image\" data-id=\"353854d\" data-element_type=\"widget\" data-settings=\"{&quot;_position&quot;:&quot;absolute&quot;}\" data-widget_type=\"image.default\">\n\t\t\t\t<div class=\"elementor-widget-container\">\n\t\t\t\t\t\t\t\t\t\t\t\t\t<img fetchpriority=\"high\" decoding=\"async\" width=\"481\" height=\"129\" src=\"https:\/\/visualeurope.com\/wp-content\/uploads\/2024\/06\/Group-2.png\" class=\"attachment-full size-full wp-image-75\" alt=\"\" srcset=\"https:\/\/visualeurope.com\/wp-content\/uploads\/2024\/06\/Group-2.png 481w, https:\/\/visualeurope.com\/wp-content\/uploads\/2024\/06\/Group-2-300x80.png 300w\" sizes=\"(max-width: 481px) 100vw, 481px\" \/>\t\t\t\t\t\t\t\t\t\t\t\t\t<\/div>\n\t\t\t\t<\/div>\n\t\t\t\t<\/div>\n\t\t\t\t<\/div>\n\t\t","protected":false},"excerpt":{"rendered":"<p>Belt\u00e9ri rep\u00fcl\u0151 eszk\u00f6z\u00f6k Brandingelhet\u0151 rep\u00fcl\u0151 eszk\u00f6zeink 5-6 m\u00e9ter hossz\u00faak, \u00e9s t\u00f6k\u00e9letesek nagyobb belt\u00e9ri rendezv\u00e9nyekhez. Szak\u00e9rt\u0151 pil\u00f3t\u00e1ink biztons\u00e1gosan ir\u00e1ny\u00edtj\u00e1k \u0151ket, l\u00e1tv\u00e1nyos \u00e9s eml\u00e9kezetes vizu\u00e1lis \u00e9lm\u00e9nyeket teremtve. Bemutatjuk brandingelhet\u0151 rep\u00fcl\u0151 eszk\u00f6zeinket, melyeket kifejezetten a nagy belt\u00e9ri rendezv\u00e9nyekre tervezt\u00fcnk. Ezek a leny\u0171g\u00f6z\u0151, 5-6 m\u00e9ter hossz\u00fa eszk\u00f6z\u00f6k szak\u00e9rt\u0151 pil\u00f3t\u00e1ink \u00e1ltal biztons\u00e1gosan ir\u00e1ny\u00edthat\u00f3k, leny\u0171g\u00f6z\u0151 l\u00e1tv\u00e1nyt ny\u00fajtanak. Figyelemfelkelt\u0151ek, bevonj\u00e1k a k\u00f6z\u00f6ns\u00e9get, [&hellip;]<\/p>\n","protected":false},"author":3,"featured_media":0,"parent":0,"menu_order":0,"comment_status":"closed","ping_status":"closed","template":"elementor_header_footer","meta":{"footnotes":""},"rendszerintegracio-teruletek":[],"rendezveny-teruletek":[],"rendszerintegracio-szolgaltataso":[],"rendezveny-szolgaltatasok":[],"class_list":["post-7337","page","type-page","status-publish","hentry"],"_links":{"self":[{"href":"https:\/\/visualeurope.com\/hu\/wp-json\/wp\/v2\/pages\/7337","targetHints":{"allow":["GET"]}}],"collection":[{"href":"https:\/\/visualeurope.com\/hu\/wp-json\/wp\/v2\/pages"}],"about":[{"href":"https:\/\/visualeurope.com\/hu\/wp-json\/wp\/v2\/types\/page"}],"author":[{"embeddable":true,"href":"https:\/\/visualeurope.com\/hu\/wp-json\/wp\/v2\/users\/3"}],"replies":[{"embeddable":true,"href":"https:\/\/visualeurope.com\/hu\/wp-json\/wp\/v2\/comments?post=7337"}],"version-history":[{"count":3,"href":"https:\/\/visualeurope.com\/hu\/wp-json\/wp\/v2\/pages\/7337\/revisions"}],"predecessor-version":[{"id":9428,"href":"https:\/\/visualeurope.com\/hu\/wp-json\/wp\/v2\/pages\/7337\/revisions\/9428"}],"wp:attachment":[{"href":"https:\/\/visualeurope.com\/hu\/wp-json\/wp\/v2\/media?parent=7337"}],"wp:term":[{"taxonomy":"rendszerintegracio-teruletek","embeddable":true,"href":"https:\/\/visualeurope.com\/hu\/wp-json\/wp\/v2\/rendszerintegracio-teruletek?post=7337"},{"taxonomy":"rendezveny-teruletek","embeddable":true,"href":"https:\/\/visualeurope.com\/hu\/wp-json\/wp\/v2\/rendezveny-teruletek?post=7337"},{"taxonomy":"rendszerintegracio-szolgaltataso","embeddable":true,"href":"https:\/\/visualeurope.com\/hu\/wp-json\/wp\/v2\/rendszerintegracio-szolgaltataso?post=7337"},{"taxonomy":"rendezveny-szolgaltatasok","embeddable":true,"href":"https:\/\/visualeurope.com\/hu\/wp-json\/wp\/v2\/rendezveny-szolgaltatasok?post=7337"}],"curies":[{"name":"wp","href":"https:\/\/api.w.org\/{rel}","templated":true}]}}