{"id":7359,"date":"2024-08-12T09:22:36","date_gmt":"2024-08-12T07:22:36","guid":{"rendered":"https:\/\/visualeurope.com\/virtualis-graffiti-fal\/"},"modified":"2024-10-25T11:26:51","modified_gmt":"2024-10-25T09:26:51","slug":"virtualis-graffiti-fal","status":"publish","type":"page","link":"https:\/\/visualeurope.com\/hu\/virtualis-graffiti-fal\/","title":{"rendered":"Virtu\u00e1lis graffiti fal"},"content":{"rendered":"\t\t<div data-elementor-type=\"wp-page\" data-elementor-id=\"7359\" class=\"elementor elementor-7359\" data-elementor-post-type=\"page\">\n\t\t\t\t<div class=\"elementor-element elementor-element-5615b8a e-con-full e-flex e-con e-parent\" data-id=\"5615b8a\" data-element_type=\"container\" data-settings=\"{&quot;background_background&quot;:&quot;classic&quot;}\">\n\t\t\t\t<div class=\"elementor-element elementor-element-c9aaffe elementor-widget elementor-widget-heading\" data-id=\"c9aaffe\" data-element_type=\"widget\" data-widget_type=\"heading.default\">\n\t\t\t\t<div class=\"elementor-widget-container\">\n\t\t\t<h2 class=\"elementor-heading-title elementor-size-default\">Virtu\u00e1lis graffiti fal<\/h2>\t\t<\/div>\n\t\t\t\t<\/div>\n\t\t\t\t<\/div>\n\t\t<div class=\"elementor-element elementor-element-113ee30 e-con-full e-flex e-con e-parent\" data-id=\"113ee30\" data-element_type=\"container\" data-settings=\"{&quot;background_background&quot;:&quot;classic&quot;}\">\n\t\t<div class=\"elementor-element elementor-element-a6a0687 e-con-full e-flex e-con e-child\" data-id=\"a6a0687\" data-element_type=\"container\" data-settings=\"{&quot;background_background&quot;:&quot;classic&quot;}\">\n\t\t\t\t<div class=\"elementor-element elementor-element-f4d9869 elementor-widget elementor-widget-heading\" data-id=\"f4d9869\" data-element_type=\"widget\" data-widget_type=\"heading.default\">\n\t\t\t\t<div class=\"elementor-widget-container\">\n\t\t\t<h2 class=\"elementor-heading-title elementor-size-default\"> N\u00e9gy sz\u00ednes fest\u00e9ksz\u00f3r\u00f3 seg\u00edts\u00e9g\u00e9vel a l\u00e1togat\u00f3k leny\u0171g\u00f6z\u0151 m\u0171alkot\u00e1sokat hozhatnak l\u00e9tre a nagy graffiti LED falon.<\/h2>\t\t<\/div>\n\t\t\t\t<\/div>\n\t\t\t\t<div class=\"elementor-element elementor-element-7e04e29 elementor-widget elementor-widget-text-editor\" data-id=\"7e04e29\" data-element_type=\"widget\" data-widget_type=\"text-editor.default\">\n\t\t\t\t<div class=\"elementor-widget-container\">\n\t\t\t\t\t\t\t<p>Ide\u00e1lis interakt\u00edv esem\u00e9nyekhez. Bemutatjuk virtu\u00e1lis graffiti \u00e9lm\u00e9nyfalunkat, ami interakt\u00edv sz\u00f3rakoz\u00e1st k\u00edn\u00e1l a l\u00e1togat\u00f3knak az esem\u00e9nyeken.<\/p><p>A r\u00e9sztvev\u0151k n\u00e9gy k\u00fcl\u00f6nb\u00f6z\u0151 sz\u00edn\u0171 spray fest\u00e9kkel digit\u00e1lis m\u0171alkot\u00e1sokat hozhatnak l\u00e9tre egy nagy graffiti LED falon. T\u00f6k\u00e9letes ki\u00e1ll\u00edt\u00e1sokhoz, fesztiv\u00e1lokhoz \u00e9s v\u00e1llalati rendezv\u00e9nyekhez. Virtu\u00e1lis graffiti falunk a technol\u00f3gia \u00e9s a m\u0171v\u00e9szet egyed\u00fcl\u00e1ll\u00f3 mix\u00e9t k\u00edn\u00e1lja.<\/p>\t\t\t\t\t\t<\/div>\n\t\t\t\t<\/div>\n\t\t\t\t<\/div>\n\t\t\t\t<div class=\"elementor-element elementor-element-09557b7 elementor-widget__width-auto elementor-absolute elementor-widget elementor-widget-image\" data-id=\"09557b7\" data-element_type=\"widget\" data-settings=\"{&quot;_position&quot;:&quot;absolute&quot;}\" data-widget_type=\"image.default\">\n\t\t\t\t<div class=\"elementor-widget-container\">\n\t\t\t\t\t\t\t\t\t\t\t\t\t<img decoding=\"async\" width=\"201\" height=\"173\" src=\"https:\/\/visualeurope.com\/wp-content\/uploads\/2024\/06\/Layer_1-4.png\" class=\"attachment-large size-large wp-image-1296\" alt=\"\" \/>\t\t\t\t\t\t\t\t\t\t\t\t\t<\/div>\n\t\t\t\t<\/div>\n\t\t\t\t<div class=\"elementor-element elementor-element-353854d elementor-absolute elementor-widget elementor-widget-image\" data-id=\"353854d\" data-element_type=\"widget\" data-settings=\"{&quot;_position&quot;:&quot;absolute&quot;}\" data-widget_type=\"image.default\">\n\t\t\t\t<div class=\"elementor-widget-container\">\n\t\t\t\t\t\t\t\t\t\t\t\t\t<img fetchpriority=\"high\" decoding=\"async\" width=\"481\" height=\"129\" src=\"https:\/\/visualeurope.com\/wp-content\/uploads\/2024\/06\/Group-2.png\" class=\"attachment-full size-full wp-image-75\" alt=\"\" srcset=\"https:\/\/visualeurope.com\/wp-content\/uploads\/2024\/06\/Group-2.png 481w, https:\/\/visualeurope.com\/wp-content\/uploads\/2024\/06\/Group-2-300x80.png 300w\" sizes=\"(max-width: 481px) 100vw, 481px\" \/>\t\t\t\t\t\t\t\t\t\t\t\t\t<\/div>\n\t\t\t\t<\/div>\n\t\t\t\t<\/div>\n\t\t\t\t<\/div>\n\t\t","protected":false},"excerpt":{"rendered":"<p>Virtu\u00e1lis graffiti fal N\u00e9gy sz\u00ednes fest\u00e9ksz\u00f3r\u00f3 seg\u00edts\u00e9g\u00e9vel a l\u00e1togat\u00f3k leny\u0171g\u00f6z\u0151 m\u0171alkot\u00e1sokat hozhatnak l\u00e9tre a nagy graffiti LED falon. Ide\u00e1lis interakt\u00edv esem\u00e9nyekhez. Bemutatjuk virtu\u00e1lis graffiti \u00e9lm\u00e9nyfalunkat, ami interakt\u00edv sz\u00f3rakoz\u00e1st k\u00edn\u00e1l a l\u00e1togat\u00f3knak az esem\u00e9nyeken. A r\u00e9sztvev\u0151k n\u00e9gy k\u00fcl\u00f6nb\u00f6z\u0151 sz\u00edn\u0171 spray fest\u00e9kkel digit\u00e1lis m\u0171alkot\u00e1sokat hozhatnak l\u00e9tre egy nagy graffiti LED falon. T\u00f6k\u00e9letes ki\u00e1ll\u00edt\u00e1sokhoz, fesztiv\u00e1lokhoz \u00e9s v\u00e1llalati rendezv\u00e9nyekhez. [&hellip;]<\/p>\n","protected":false},"author":3,"featured_media":0,"parent":0,"menu_order":0,"comment_status":"closed","ping_status":"closed","template":"elementor_header_footer","meta":{"footnotes":""},"rendszerintegracio-teruletek":[],"rendezveny-teruletek":[],"rendszerintegracio-szolgaltataso":[],"rendezveny-szolgaltatasok":[],"class_list":["post-7359","page","type-page","status-publish","hentry"],"_links":{"self":[{"href":"https:\/\/visualeurope.com\/hu\/wp-json\/wp\/v2\/pages\/7359","targetHints":{"allow":["GET"]}}],"collection":[{"href":"https:\/\/visualeurope.com\/hu\/wp-json\/wp\/v2\/pages"}],"about":[{"href":"https:\/\/visualeurope.com\/hu\/wp-json\/wp\/v2\/types\/page"}],"author":[{"embeddable":true,"href":"https:\/\/visualeurope.com\/hu\/wp-json\/wp\/v2\/users\/3"}],"replies":[{"embeddable":true,"href":"https:\/\/visualeurope.com\/hu\/wp-json\/wp\/v2\/comments?post=7359"}],"version-history":[{"count":3,"href":"https:\/\/visualeurope.com\/hu\/wp-json\/wp\/v2\/pages\/7359\/revisions"}],"predecessor-version":[{"id":9434,"href":"https:\/\/visualeurope.com\/hu\/wp-json\/wp\/v2\/pages\/7359\/revisions\/9434"}],"wp:attachment":[{"href":"https:\/\/visualeurope.com\/hu\/wp-json\/wp\/v2\/media?parent=7359"}],"wp:term":[{"taxonomy":"rendszerintegracio-teruletek","embeddable":true,"href":"https:\/\/visualeurope.com\/hu\/wp-json\/wp\/v2\/rendszerintegracio-teruletek?post=7359"},{"taxonomy":"rendezveny-teruletek","embeddable":true,"href":"https:\/\/visualeurope.com\/hu\/wp-json\/wp\/v2\/rendezveny-teruletek?post=7359"},{"taxonomy":"rendszerintegracio-szolgaltataso","embeddable":true,"href":"https:\/\/visualeurope.com\/hu\/wp-json\/wp\/v2\/rendszerintegracio-szolgaltataso?post=7359"},{"taxonomy":"rendezveny-szolgaltatasok","embeddable":true,"href":"https:\/\/visualeurope.com\/hu\/wp-json\/wp\/v2\/rendezveny-szolgaltatasok?post=7359"}],"curies":[{"name":"wp","href":"https:\/\/api.w.org\/{rel}","templated":true}]}}