{"id":8321,"date":"2024-08-26T09:04:46","date_gmt":"2024-08-26T07:04:46","guid":{"rendered":"https:\/\/visualeurope.com\/?page_id=8321"},"modified":"2024-10-08T15:54:16","modified_gmt":"2024-10-08T13:54:16","slug":"visszaeles-bejelento-rendszer","status":"publish","type":"page","link":"https:\/\/visualeurope.com\/hu\/visszaeles-bejelento-rendszer\/","title":{"rendered":"Vissza\u00e9l\u00e9s bejelent\u0151 rendszer"},"content":{"rendered":"\t\t<div data-elementor-type=\"wp-page\" data-elementor-id=\"8321\" class=\"elementor elementor-8321\" data-elementor-post-type=\"page\">\n\t\t\t\t<div class=\"elementor-element elementor-element-1e98069 e-con-full e-flex e-con e-parent\" data-id=\"1e98069\" data-element_type=\"container\" data-settings=\"{&quot;background_background&quot;:&quot;video&quot;,&quot;background_video_link&quot;:&quot;https:\\\/\\\/youtu.be\\\/nQDtuiUf5ms&quot;,&quot;background_play_on_mobile&quot;:&quot;yes&quot;}\">\n\t\t<div class=\"elementor-background-video-container\">\n\t\t\t\t\t\t\t<div class=\"elementor-background-video-embed\"><\/div>\n\t\t\t\t\t\t<\/div>\t\t<div class=\"elementor-element elementor-element-48c7437 elementor-widget elementor-widget-heading\" data-id=\"48c7437\" data-element_type=\"widget\" data-widget_type=\"heading.default\">\n\t\t\t\t<div class=\"elementor-widget-container\">\n\t\t\t<h2 class=\"elementor-heading-title elementor-size-default\">Vissza\u00e9l\u00e9s<br>\nbejelent\u0151<br>\nrendszer\n<\/h2>\t\t<\/div>\n\t\t\t\t<\/div>\n\t\t\t\t<\/div>\n\t\t<div class=\"elementor-element elementor-element-e920bbe e-con-full e-flex e-con e-parent\" data-id=\"e920bbe\" data-element_type=\"container\" data-settings=\"{&quot;background_background&quot;:&quot;classic&quot;}\">\n\t\t\t\t<div class=\"elementor-element elementor-element-cf5d975 elementor-widget elementor-widget-text-editor\" data-id=\"cf5d975\" data-element_type=\"widget\" data-widget_type=\"text-editor.default\">\n\t\t\t\t<div class=\"elementor-widget-container\">\n\t\t\t\t\t\t\t<p>A Visual Europe Group alkalmazottai, a Visual Europe Grouppal szerz\u0151d\u00e9ses jogviszonyban \u00e1ll\u00f3k, valamint egy\u00e9b \u00e9rdekeltek az al\u00e1bbi vissza\u00e9l\u00e9s bejelent\u0151 rendszer seg\u00edts\u00e9g\u00e9vel tudnak anonim bejelent\u00e9st tenni, amennyiben a Visual Europe Group m\u0171k\u00f6d\u00e9s\u00e9re vonatkoz\u00f3 jogszab\u00e1lyok, szakmai \u00e9s etikai szab\u00e1lyok, standardok, tov\u00e1bb\u00e1 a Visual Europe Group vonatkoz\u00f3 min\u0151s\u00e9gellen\u0151rz\u00e9si rendszer el\u0151\u00edr\u00e1sainak (tov\u00e1bbiakban: Szab\u00e1lyok) megs\u00e9rt\u00e9s\u00e9t \u00e9szlelik. Bejelent\u00e9st tehet az is, akinek a bejelent\u00e9s megt\u00e9telhez vagy a bejelente\u0301s t\u00e1rgy\u00e1t k\u00e9pez\u0151 magatart\u00e1s orvosl\u00e1s\u00e1hoz m\u00e9lt\u00e1nyolhat\u00f3 jogos \u00e9rdeke f\u0171z\u0151dik. A bejelent\u0151 rendszert al\u00e1bb \u00e9rheti el. A bejelent\u00e9sre ir\u00e1nyad\u00f3 elj\u00e1r\u00e1si szab\u00e1lyokkal \u00e9s a szem\u00e9lyes adatok kezel\u00e9s\u00e9vel kapcsolatos t\u00e1j\u00e9koztat\u00e1st <a href=\"https:\/\/visualeurope.com\/wp-content\/uploads\/2024\/08\/Visszaelesbejelentes_adatkezelesi_tajekoztato_v2.pdf\">itt<\/a> \u00e9rheti el.<\/p>\t\t\t\t\t\t<\/div>\n\t\t\t\t<\/div>\n\t\t<div class=\"elementor-element elementor-element-839ac81 e-con-full e-flex e-con e-child\" data-id=\"839ac81\" data-element_type=\"container\">\n\t\t<div class=\"elementor-element elementor-element-7a87cb3 e-con-full e-flex e-con e-child\" data-id=\"7a87cb3\" data-element_type=\"container\">\n\t\t\t\t<div class=\"elementor-element elementor-element-719020a elementor-widget elementor-widget-heading\" data-id=\"719020a\" data-element_type=\"widget\" data-widget_type=\"heading.default\">\n\t\t\t\t<div class=\"elementor-widget-container\">\n\t\t\t<h2 class=\"elementor-heading-title elementor-size-default\">Bejelent\u00e9s<\/h2>\t\t<\/div>\n\t\t\t\t<\/div>\n\t\t\t\t<div class=\"elementor-element elementor-element-1f85cde elementor-button-align-start elementor-widget elementor-widget-form\" data-id=\"1f85cde\" data-element_type=\"widget\" data-settings=\"{&quot;step_next_label&quot;:&quot;K\\u00f6vetkez\\u0151&quot;,&quot;step_previous_label&quot;:&quot;El\\u0151z\\u0151&quot;,&quot;button_width&quot;:&quot;100&quot;,&quot;step_type&quot;:&quot;number_text&quot;,&quot;step_icon_shape&quot;:&quot;circle&quot;}\" data-widget_type=\"form.default\">\n\t\t\t\t<div class=\"elementor-widget-container\">\n\t\t\t\t\t<form class=\"elementor-form\" method=\"post\" name=\"\u00daj \u0171rlap\">\n\t\t\t<input type=\"hidden\" name=\"post_id\" value=\"8321\"\/>\n\t\t\t<input type=\"hidden\" name=\"form_id\" value=\"1f85cde\"\/>\n\t\t\t<input type=\"hidden\" name=\"referer_title\" value=\"\" \/>\n\n\t\t\t\n\t\t\t<div class=\"elementor-form-fields-wrapper elementor-labels-above\">\n\t\t\t\t\t\t\t\t<div class=\"elementor-field-type-text elementor-field-group elementor-column elementor-field-group-name elementor-col-100 elementor-field-required elementor-mark-required\">\n\t\t\t\t\t\t\t\t\t\t\t\t<label for=\"form-field-name\" class=\"elementor-field-label\">\n\t\t\t\t\t\t\t\tN\u00e9v\/C\u00e9gn\u00e9v\t\t\t\t\t\t\t<\/label>\n\t\t\t\t\t\t\t\t\t\t\t\t\t\t<input size=\"1\" type=\"text\" name=\"form_fields[name]\" id=\"form-field-name\" class=\"elementor-field elementor-size-sm  elementor-field-textual\" required=\"required\" aria-required=\"true\">\n\t\t\t\t\t\t\t\t\t\t\t<\/div>\n\t\t\t\t\t\t\t\t<div class=\"elementor-field-type-text elementor-field-group elementor-column elementor-field-group-field_d5eeef7 elementor-col-100 elementor-field-required elementor-mark-required\">\n\t\t\t\t\t\t\t\t\t\t\t\t<label for=\"form-field-field_d5eeef7\" class=\"elementor-field-label\">\n\t\t\t\t\t\t\t\tLakc\u00edm\t\t\t\t\t\t\t<\/label>\n\t\t\t\t\t\t\t\t\t\t\t\t\t\t<input size=\"1\" type=\"text\" name=\"form_fields[field_d5eeef7]\" id=\"form-field-field_d5eeef7\" class=\"elementor-field elementor-size-sm  elementor-field-textual\" required=\"required\" aria-required=\"true\">\n\t\t\t\t\t\t\t\t\t\t\t<\/div>\n\t\t\t\t\t\t\t\t<div class=\"elementor-field-type-text elementor-field-group elementor-column elementor-field-group-field_6b6eb02 elementor-col-100\">\n\t\t\t\t\t\t\t\t\t\t\t\t<label for=\"form-field-field_6b6eb02\" class=\"elementor-field-label\">\n\t\t\t\t\t\t\t\tJogi szem\u00e9ly eset\u00e9n a jogi szem\u00e9ly sz\u00e9khelye\t\t\t\t\t\t\t<\/label>\n\t\t\t\t\t\t\t\t\t\t\t\t\t\t<input size=\"1\" type=\"text\" name=\"form_fields[field_6b6eb02]\" id=\"form-field-field_6b6eb02\" class=\"elementor-field elementor-size-sm  elementor-field-textual\">\n\t\t\t\t\t\t\t\t\t\t\t<\/div>\n\t\t\t\t\t\t\t\t<div class=\"elementor-field-type-textarea elementor-field-group elementor-column elementor-field-group-message elementor-col-100 elementor-field-required elementor-mark-required\">\n\t\t\t\t\t\t\t\t\t\t\t\t<label for=\"form-field-message\" class=\"elementor-field-label\">\n\t\t\t\t\t\t\t\tBejelent\u00e9s le\u00edr\u00e1sa\t\t\t\t\t\t\t<\/label>\n\t\t\t\t\t\t<textarea class=\"elementor-field-textual elementor-field  elementor-size-sm\" name=\"form_fields[message]\" id=\"form-field-message\" rows=\"4\" required=\"required\" aria-required=\"true\"><\/textarea>\t\t\t\t<\/div>\n\t\t\t\t\t\t\t\t<div class=\"elementor-field-type-email elementor-field-group elementor-column elementor-field-group-email elementor-col-100\">\n\t\t\t\t\t\t\t\t\t\t\t\t<label for=\"form-field-email\" class=\"elementor-field-label\">\n\t\t\t\t\t\t\t\tEmail c\u00edm (ha bejelent\u00e9s\u00e9vel kapcsolatban emailen k\u00e9r visszajelz\u00e9st)\t\t\t\t\t\t\t<\/label>\n\t\t\t\t\t\t\t\t\t\t\t\t\t\t<input size=\"1\" type=\"email\" name=\"form_fields[email]\" id=\"form-field-email\" class=\"elementor-field elementor-size-sm  elementor-field-textual\">\n\t\t\t\t\t\t\t\t\t\t\t<\/div>\n\t\t\t\t\t\t\t\t<div class=\"elementor-field-type-tel elementor-field-group elementor-column elementor-field-group-field_54d769b elementor-col-100\">\n\t\t\t\t\t\t\t\t\t\t\t\t<label for=\"form-field-field_54d769b\" class=\"elementor-field-label\">\n\t\t\t\t\t\t\t\tTelefonsz\u00e1m (ha bejelent\u00e9s\u00e9vel kapcsolatban telefonon k\u00e9r visszajelz\u00e9st)\t\t\t\t\t\t\t<\/label>\n\t\t\t\t\t\t\t\t<input size=\"1\" type=\"tel\" name=\"form_fields[field_54d769b]\" id=\"form-field-field_54d769b\" class=\"elementor-field elementor-size-sm  elementor-field-textual\" pattern=\"[0-9()#&amp;+*-=.]+\" title=\"Only numbers and phone characters (#, -, *, etc) are accepted.\">\n\n\t\t\t\t\t\t<\/div>\n\t\t\t\t\t\t\t\t<div class=\"elementor-field-type-html elementor-field-group elementor-column elementor-field-group-field_1ae6124 elementor-col-100\">\n\t\t\t\t\t<ul><li style=\"text-align: justify;\"><span style=\"font-size: 14px;\"><b>A VEG alkalmazottai \u00e1ltal tett rosszhiszem\u0171 bejelent\u00e9s munkajogi k\u00f6vetkezm\u00e9nyeket vonhat maga ut\u00e1n.<\/b><\/span><\/li><li style=\"text-align: justify;\"><span style=\"font-size: 14px;\"><b>Ha nyilv\u00e1nval\u00f3v\u00e1 v\u00e1lt, hogy a bejelent\u0151 rosszhiszem\u0171en, d\u00f6nt\u0151 jelent\u0151s\u00e9g\u0171 val\u00f3tlan inform\u00e1ci\u00f3t k\u00f6z\u00f6lt \u00e9s ezzel b\u0171ncselekm\u00e9ny vagy szab\u00e1lys\u00e9rt\u00e9s elk\u00f6vet\u00e9s\u00e9re utal\u00f3 k\u00f6r\u00fclm\u00e9ny mer\u00fcl fel, szem\u00e9lyes adatait az elj\u00e1r\u00e1s lefolytat\u00e1s\u00e1ra jogosult szerv vagy szem\u00e9ly r\u00e9sz\u00e9re \u00e1t kell adni, vagy ha alappal val\u00f3sz\u00edn\u0171s\u00edthet\u0151, hogy m\u00e1snak jogellenes k\u00e1rt vagy egy\u00e9b jogs\u00e9relmet okozott, szem\u00e9lyes adatait az elj\u00e1r\u00e1s kezdem\u00e9nyez\u00e9s\u00e9re, illetve lefolytat\u00e1s\u00e1ra jogosult szervnek vagy szem\u00e9lynek k\u00e9relm\u00e9re \u00e1t kell adni.<\/b><\/span><\/li><li style=\"text-align: justify;\"><span style=\"font-size: 14px;\"><b>T\u00e1j\u00e9koztatjuk, hogy szem\u00e9lyazonoss\u00e1g\u00e1t a Visual Europe Group a vizsg\u00e1lat valamennyi szakasz\u00e1ban bizalmasan kezeli.<\/b><\/span><\/li><li style=\"text-align: justify;\"><span style=\"font-size: 14px;\"><b>T\u00e1j\u00e9koztatjuk, hogy a n\u00e9v n\u00e9lk\u00fcli vagy azonos\u00edthatatlan bejelent\u0151 \u00e1ltal megtett bejelent\u00e9s vizsg\u00e1lata mell\u0151zhet\u0151.<\/b><\/span><br><\/li><\/ul>\t\t\t\t<\/div>\n\t\t\t\t\t\t\t\t<div class=\"elementor-field-type-acceptance elementor-field-group elementor-column elementor-field-group-field_14adfe0 elementor-col-100 elementor-field-required elementor-mark-required\">\n\t\t\t\t\t\t\t<div class=\"elementor-field-subgroup\">\n\t\t\t<span class=\"elementor-field-option\">\n\t\t\t\t<input type=\"checkbox\" name=\"form_fields[field_14adfe0]\" id=\"form-field-field_14adfe0\" class=\"elementor-field elementor-size-sm  elementor-acceptance-field\" required=\"required\" aria-required=\"true\">\n\t\t\t\t<label for=\"form-field-field_14adfe0\">Nyilatkozom, hogy a bejelent\u00e9st j\u00f3hiszem\u0171en teszem,\nolyan k\u00f6r\u00fclm\u00e9nyekr\u0151l, amelyekr\u0151l tudom\u00e1som van, vagy kell\u0151 alappal \nfelt\u00e9telezem, hogy azok val\u00f3sak. <div style=\"display: inline; color:red;\"> *<\/div>\n\n<\/label>\t\t\t<\/span>\n\t\t<\/div>\n\t\t\t\t\t\t<\/div>\n\t\t\t\t\t\t\t\t<div class=\"elementor-field-type-acceptance elementor-field-group elementor-column elementor-field-group-field_c184a30 elementor-col-100 elementor-field-required elementor-mark-required\">\n\t\t\t\t\t\t\t<div class=\"elementor-field-subgroup\">\n\t\t\t<span class=\"elementor-field-option\">\n\t\t\t\t<input type=\"checkbox\" name=\"form_fields[field_c184a30]\" id=\"form-field-field_c184a30\" class=\"elementor-field elementor-size-sm  elementor-acceptance-field\" required=\"required\" aria-required=\"true\">\n\t\t\t\t<label for=\"form-field-field_c184a30\">A fenti t\u00e1j\u00e9koztat\u00e1st,valamint a bejelent\u00e9sre ir\u00e1nyad\u00f3 \n<a href=\"https:\/\/visualeurope.com\/wp-content\/uploads\/2024\/08\/Visszaelesbejelentes_adatkezelesi_tajekoztato_v2.pdf\">elj\u00e1r\u00e1si szab\u00e1lyokkal, adatkezel\u00e9si felt\u00e9telekkel, szab\u00e1lyokkal <\/a> \u00e9s a szem\u00e9lyes adatok kezel\u00e9s\u00e9vel kapcsolatos\nt\u00e1j\u00e9koztat\u00e1st megismertem, az abban foglaltakat tudom\u00e1sul vettem.<div style=\"display: inline; color:red;\"> *<\/div>\n<\/label>\t\t\t<\/span>\n\t\t<\/div>\n\t\t\t\t\t\t<\/div>\n\t\t\t\t\t\t\t\t<div class=\"elementor-field-group elementor-column elementor-field-type-submit elementor-col-100 e-form__buttons\">\n\t\t\t\t\t<button class=\"elementor-button elementor-size-sm\" type=\"submit\">\n\t\t\t\t\t\t<span class=\"elementor-button-content-wrapper\">\n\t\t\t\t\t\t\t\t\t\t\t\t\t\t\t\t\t\t\t\t\t\t<span class=\"elementor-button-text\">K\u00fcld\u00e9s<\/span>\n\t\t\t\t\t\t\t\t\t\t\t\t\t<\/span>\n\t\t\t\t\t<\/button>\n\t\t\t\t<\/div>\n\t\t\t<\/div>\n\t\t<\/form>\n\t\t\t\t<\/div>\n\t\t\t\t<\/div>\n\t\t\t\t<\/div>\n\t\t<div class=\"elementor-element elementor-element-4cf8bc6 e-con-full e-flex e-con e-child\" data-id=\"4cf8bc6\" data-element_type=\"container\">\n\t\t\t\t<div class=\"elementor-element elementor-element-d343d56 elementor-widget elementor-widget-image\" data-id=\"d343d56\" data-element_type=\"widget\" data-widget_type=\"image.default\">\n\t\t\t\t<div class=\"elementor-widget-container\">\n\t\t\t\t\t\t\t\t\t\t\t\t\t<img fetchpriority=\"high\" decoding=\"async\" width=\"788\" height=\"1493\" src=\"https:\/\/visualeurope.com\/wp-content\/uploads\/2024\/08\/Mask-group.png\" class=\"attachment-full size-full wp-image-8334\" alt=\"\" srcset=\"https:\/\/visualeurope.com\/wp-content\/uploads\/2024\/08\/Mask-group.png 788w, https:\/\/visualeurope.com\/wp-content\/uploads\/2024\/08\/Mask-group-158x300.png 158w, https:\/\/visualeurope.com\/wp-content\/uploads\/2024\/08\/Mask-group-540x1024.png 540w, https:\/\/visualeurope.com\/wp-content\/uploads\/2024\/08\/Mask-group-768x1455.png 768w\" sizes=\"(max-width: 788px) 100vw, 788px\" \/>\t\t\t\t\t\t\t\t\t\t\t\t\t<\/div>\n\t\t\t\t<\/div>\n\t\t\t\t<\/div>\n\t\t\t\t<\/div>\n\t\t\t\t<\/div>\n\t\t\t\t<\/div>\n\t\t","protected":false},"excerpt":{"rendered":"<p>Vissza\u00e9l\u00e9s bejelent\u0151 rendszer A Visual Europe Group alkalmazottai, a Visual Europe Grouppal szerz\u0151d\u00e9ses jogviszonyban \u00e1ll\u00f3k, valamint egy\u00e9b \u00e9rdekeltek az al\u00e1bbi vissza\u00e9l\u00e9s bejelent\u0151 rendszer seg\u00edts\u00e9g\u00e9vel tudnak anonim bejelent\u00e9st tenni, amennyiben a Visual Europe Group m\u0171k\u00f6d\u00e9s\u00e9re vonatkoz\u00f3 jogszab\u00e1lyok, szakmai \u00e9s etikai szab\u00e1lyok, standardok, tov\u00e1bb\u00e1 a Visual Europe Group vonatkoz\u00f3 min\u0151s\u00e9gellen\u0151rz\u00e9si rendszer el\u0151\u00edr\u00e1sainak (tov\u00e1bbiakban: Szab\u00e1lyok) megs\u00e9rt\u00e9s\u00e9t \u00e9szlelik. Bejelent\u00e9st [&hellip;]<\/p>\n","protected":false},"author":1,"featured_media":0,"parent":0,"menu_order":0,"comment_status":"closed","ping_status":"closed","template":"elementor_header_footer","meta":{"footnotes":""},"rendszerintegracio-teruletek":[],"rendezveny-teruletek":[],"rendszerintegracio-szolgaltataso":[],"rendezveny-szolgaltatasok":[],"class_list":["post-8321","page","type-page","status-publish","hentry"],"_links":{"self":[{"href":"https:\/\/visualeurope.com\/hu\/wp-json\/wp\/v2\/pages\/8321","targetHints":{"allow":["GET"]}}],"collection":[{"href":"https:\/\/visualeurope.com\/hu\/wp-json\/wp\/v2\/pages"}],"about":[{"href":"https:\/\/visualeurope.com\/hu\/wp-json\/wp\/v2\/types\/page"}],"author":[{"embeddable":true,"href":"https:\/\/visualeurope.com\/hu\/wp-json\/wp\/v2\/users\/1"}],"replies":[{"embeddable":true,"href":"https:\/\/visualeurope.com\/hu\/wp-json\/wp\/v2\/comments?post=8321"}],"version-history":[{"count":73,"href":"https:\/\/visualeurope.com\/hu\/wp-json\/wp\/v2\/pages\/8321\/revisions"}],"predecessor-version":[{"id":9156,"href":"https:\/\/visualeurope.com\/hu\/wp-json\/wp\/v2\/pages\/8321\/revisions\/9156"}],"wp:attachment":[{"href":"https:\/\/visualeurope.com\/hu\/wp-json\/wp\/v2\/media?parent=8321"}],"wp:term":[{"taxonomy":"rendszerintegracio-teruletek","embeddable":true,"href":"https:\/\/visualeurope.com\/hu\/wp-json\/wp\/v2\/rendszerintegracio-teruletek?post=8321"},{"taxonomy":"rendezveny-teruletek","embeddable":true,"href":"https:\/\/visualeurope.com\/hu\/wp-json\/wp\/v2\/rendezveny-teruletek?post=8321"},{"taxonomy":"rendszerintegracio-szolgaltataso","embeddable":true,"href":"https:\/\/visualeurope.com\/hu\/wp-json\/wp\/v2\/rendszerintegracio-szolgaltataso?post=8321"},{"taxonomy":"rendezveny-szolgaltatasok","embeddable":true,"href":"https:\/\/visualeurope.com\/hu\/wp-json\/wp\/v2\/rendezveny-szolgaltatasok?post=8321"}],"curies":[{"name":"wp","href":"https:\/\/api.w.org\/{rel}","templated":true}]}}